{"id":23304,"date":"2025-04-03T08:32:40","date_gmt":"2025-04-03T08:32:40","guid":{"rendered":"https:\/\/www.scurri.com\/de\/?page_id=23304"},"modified":"2025-09-04T11:03:54","modified_gmt":"2025-09-04T11:03:54","slug":"letzte-meile-download","status":"publish","type":"page","link":"https:\/\/www.scurri.com\/de\/letzte-meile-download\/","title":{"rendered":"Letzte-Meile-Zustellung 2025"},"content":{"rendered":"\t\t<div data-elementor-type=\"wp-page\" data-elementor-id=\"23304\" class=\"elementor elementor-23304\" data-elementor-post-type=\"page\">\n\t\t\t\t<div class=\"elementor-element elementor-element-031e3f1 e-flex e-con-boxed e-con e-parent\" data-id=\"031e3f1\" data-element_type=\"container\" data-e-type=\"container\">\n\t\t\t\t\t<div class=\"e-con-inner\">\n\t\t\t\t\t<\/div>\n\t\t\t\t<\/div>\n\t\t\t\t<section class=\"elementor-section elementor-top-section elementor-element elementor-element-c68274a elementor-reverse-mobile elementor-section-boxed elementor-section-height-default elementor-section-height-default\" data-id=\"c68274a\" data-element_type=\"section\" data-e-type=\"section\" data-settings=\"{&quot;background_background&quot;:&quot;classic&quot;}\">\n\t\t\t\t\t\t<div class=\"elementor-container elementor-column-gap-default\">\n\t\t\t\t\t<div class=\"elementor-column elementor-col-50 elementor-top-column elementor-element elementor-element-43c22f4\" data-id=\"43c22f4\" data-element_type=\"column\" data-e-type=\"column\">\n\t\t\t<div class=\"elementor-widget-wrap elementor-element-populated\">\n\t\t\t\t\t\t<div class=\"elementor-element elementor-element-12405f2 elementor-widget-tablet__width-initial elementor-widget-mobile__width-initial elementor-widget elementor-widget-text-editor\" data-id=\"12405f2\" data-element_type=\"widget\" data-e-type=\"widget\" data-widget_type=\"text-editor.default\">\n\t\t\t\t<div class=\"elementor-widget-container\">\n\t\t\t\t\t\t\t\t\t<h1>Letzte-Meile-Zustellung 2025: Erwartungen deutscher Verbraucher und Handlungsempfehlungen f\u00fcr H\u00e4ndler&nbsp;<\/h1>\t\t\t\t\t\t\t\t<\/div>\n\t\t\t\t<\/div>\n\t\t\t\t<div class=\"elementor-element elementor-element-a15a5fe elementor-widget elementor-widget-text-editor\" data-id=\"a15a5fe\" data-element_type=\"widget\" data-e-type=\"widget\" data-widget_type=\"text-editor.default\">\n\t\t\t\t<div class=\"elementor-widget-container\">\n\t\t\t\t\t\t\t\t\t<p>Die letzte Meile der Zustellung ist heute wichtiger denn je. Zu verstehen, was Ihre deutschen Kunden wirklich wollen, kann der Schl\u00fcssel zu h\u00f6heren Konversionsraten, gesteigerter Loyalit\u00e4t und gr\u00f6\u00dferem Umsatz sein.<\/p>\t\t\t\t\t\t\t\t<\/div>\n\t\t\t\t<\/div>\n\t\t\t\t\t<\/div>\n\t\t<\/div>\n\t\t\t\t<div class=\"elementor-column elementor-col-50 elementor-top-column elementor-element elementor-element-3ec0091\" data-id=\"3ec0091\" data-element_type=\"column\" data-e-type=\"column\">\n\t\t\t<div class=\"elementor-widget-wrap elementor-element-populated\">\n\t\t\t\t\t\t<div class=\"elementor-element elementor-element-4168f64 elementor-widget elementor-widget-menu-anchor\" data-id=\"4168f64\" data-element_type=\"widget\" data-e-type=\"widget\" data-widget_type=\"menu-anchor.default\">\n\t\t\t\t<div class=\"elementor-widget-container\">\n\t\t\t\t\t\t\t<div class=\"elementor-menu-anchor\" id=\"download\"><\/div>\n\t\t\t\t\t\t<\/div>\n\t\t\t\t<\/div>\n\t\t\t\t<div class=\"elementor-element elementor-element-3748bc2 elementor-widget elementor-widget-html\" data-id=\"3748bc2\" data-element_type=\"widget\" data-e-type=\"widget\" data-widget_type=\"html.default\">\n\t\t\t\t<div class=\"elementor-widget-container\">\n\t\t\t\t\t<ld-slot name=\"Landing Page - Report - Germany Research 2025\" ><\/ld-slot>\t\t\t\t<\/div>\n\t\t\t\t<\/div>\n\t\t\t\t\t<\/div>\n\t\t<\/div>\n\t\t\t\t\t<\/div>\n\t\t<\/section>\n\t\t\t\t<section class=\"elementor-section elementor-top-section elementor-element elementor-element-f19b896 elementor-section-boxed elementor-section-height-default elementor-section-height-default\" data-id=\"f19b896\" data-element_type=\"section\" data-e-type=\"section\">\n\t\t\t\t\t\t<div class=\"elementor-container elementor-column-gap-default\">\n\t\t\t\t\t<div class=\"elementor-column elementor-col-50 elementor-top-column elementor-element elementor-element-cf10f29\" data-id=\"cf10f29\" data-element_type=\"column\" data-e-type=\"column\">\n\t\t\t<div class=\"elementor-widget-wrap elementor-element-populated\">\n\t\t\t\t\t\t<div class=\"elementor-element elementor-element-6f4313b elementor-widget elementor-widget-image\" data-id=\"6f4313b\" data-element_type=\"widget\" data-e-type=\"widget\" data-widget_type=\"image.default\">\n\t\t\t\t<div class=\"elementor-widget-container\">\n\t\t\t\t\t\t\t\t\t\t\t\t\t\t\t<img fetchpriority=\"high\" decoding=\"async\" width=\"1000\" height=\"750\" src=\"https:\/\/www.scurri.com\/de\/wp-content\/uploads\/sites\/2\/2025\/04\/SC-German-Report-Landing-Page-Graphic-02.jpg\" class=\"attachment-full size-full wp-image-23391\" alt=\"Letzte-Meile-Zustellung 2025 - Scurri\" srcset=\"https:\/\/www.scurri.com\/de\/wp-content\/uploads\/sites\/2\/2025\/04\/SC-German-Report-Landing-Page-Graphic-02.jpg 1000w, https:\/\/www.scurri.com\/de\/wp-content\/uploads\/sites\/2\/2025\/04\/SC-German-Report-Landing-Page-Graphic-02-300x225.jpg 300w, https:\/\/www.scurri.com\/de\/wp-content\/uploads\/sites\/2\/2025\/04\/SC-German-Report-Landing-Page-Graphic-02-768x576.jpg 768w\" sizes=\"(max-width: 1000px) 100vw, 1000px\" \/>\t\t\t\t\t\t\t\t\t\t\t\t\t\t\t<\/div>\n\t\t\t\t<\/div>\n\t\t\t\t<div class=\"elementor-element elementor-element-230f8aa elementor-widget elementor-widget-text-editor\" data-id=\"230f8aa\" data-element_type=\"widget\" data-e-type=\"widget\" data-widget_type=\"text-editor.default\">\n\t\t\t\t<div class=\"elementor-widget-container\">\n\t\t\t\t\t\t\t\t\t<ul><li>Entdecken Sie wertvolle Einblicke von \u00fcber 1.000 deutschen Verbrauchern, um ihre Erwartungen an die Zustellung auf der letzten Meile f\u00fcr 2025 zu verstehen \u2013 und warum H\u00e4ndler ihre Personalisierungsstrategien beschleunigen und innovative L\u00f6sungen einf\u00fchren m\u00fcssen, um wettbewerbsf\u00e4hig zu bleiben.<\/li><\/ul>\t\t\t\t\t\t\t\t<\/div>\n\t\t\t\t<\/div>\n\t\t\t\t\t<\/div>\n\t\t<\/div>\n\t\t\t\t<div class=\"elementor-column elementor-col-50 elementor-top-column elementor-element elementor-element-845bc79\" data-id=\"845bc79\" data-element_type=\"column\" data-e-type=\"column\">\n\t\t\t<div class=\"elementor-widget-wrap elementor-element-populated\">\n\t\t\t\t\t\t<div class=\"elementor-element elementor-element-5fc30df elementor-widget elementor-widget-text-editor\" data-id=\"5fc30df\" data-element_type=\"widget\" data-e-type=\"widget\" data-widget_type=\"text-editor.default\">\n\t\t\t\t<div class=\"elementor-widget-container\">\n\t\t\t\t\t\t\t\t\t<h3><strong>Wichtige Erkenntnisse:<\/strong><\/h3>\t\t\t\t\t\t\t\t<\/div>\n\t\t\t\t<\/div>\n\t\t\t\t<div class=\"elementor-element elementor-element-78bd834 elementor-icon-list--layout-traditional elementor-list-item-link-full_width elementor-widget elementor-widget-icon-list\" data-id=\"78bd834\" data-element_type=\"widget\" data-e-type=\"widget\" data-widget_type=\"icon-list.default\">\n\t\t\t\t<div class=\"elementor-widget-container\">\n\t\t\t\t\t\t\t<ul class=\"elementor-icon-list-items\">\n\t\t\t\t\t\t\t<li class=\"elementor-icon-list-item\">\n\t\t\t\t\t\t\t\t\t\t\t<span class=\"elementor-icon-list-icon\">\n\t\t\t\t\t\t\t<svg aria-hidden=\"true\" class=\"e-font-icon-svg e-fas-check\" viewBox=\"0 0 512 512\" xmlns=\"http:\/\/www.w3.org\/2000\/svg\"><path d=\"M173.898 439.404l-166.4-166.4c-9.997-9.997-9.997-26.206 0-36.204l36.203-36.204c9.997-9.998 26.207-9.998 36.204 0L192 312.69 432.095 72.596c9.997-9.997 26.207-9.997 36.204 0l36.203 36.204c9.997 9.997 9.997 26.206 0 36.204l-294.4 294.401c-9.998 9.997-26.207 9.997-36.204-.001z\"><\/path><\/svg>\t\t\t\t\t\t<\/span>\n\t\t\t\t\t\t\t\t\t\t<span class=\"elementor-icon-list-text\"><b>Negative Bewertungen sind vermeidbar:<\/b> 44% der Kunden hinterlassen negative Bewertungen aufgrund von schlechtem Kundenservice. <\/span>\n\t\t\t\t\t\t\t\t\t<\/li>\n\t\t\t\t\t\t\t\t<li class=\"elementor-icon-list-item\">\n\t\t\t\t\t\t\t\t\t\t\t<span class=\"elementor-icon-list-icon\">\n\t\t\t\t\t\t\t<svg aria-hidden=\"true\" class=\"e-font-icon-svg e-fas-check\" viewBox=\"0 0 512 512\" xmlns=\"http:\/\/www.w3.org\/2000\/svg\"><path d=\"M173.898 439.404l-166.4-166.4c-9.997-9.997-9.997-26.206 0-36.204l36.203-36.204c9.997-9.998 26.207-9.998 36.204 0L192 312.69 432.095 72.596c9.997-9.997 26.207-9.997 36.204 0l36.203 36.204c9.997 9.997 9.997 26.206 0 36.204l-294.4 294.401c-9.998 9.997-26.207 9.997-36.204-.001z\"><\/path><\/svg>\t\t\t\t\t\t<\/span>\n\t\t\t\t\t\t\t\t\t\t<span class=\"elementor-icon-list-text\"><b>Schnelle Probleml\u00f6sungen sind wichtig: <\/b>47% der deutschen Verbraucher erwarten, dass Lieferprobleme innerhalb von 1-2 Werktagen gel\u00f6st werden.<\/span>\n\t\t\t\t\t\t\t\t\t<\/li>\n\t\t\t\t\t\t\t\t<li class=\"elementor-icon-list-item\">\n\t\t\t\t\t\t\t\t\t\t\t<span class=\"elementor-icon-list-icon\">\n\t\t\t\t\t\t\t<svg aria-hidden=\"true\" class=\"e-font-icon-svg e-fas-check\" viewBox=\"0 0 512 512\" xmlns=\"http:\/\/www.w3.org\/2000\/svg\"><path d=\"M173.898 439.404l-166.4-166.4c-9.997-9.997-9.997-26.206 0-36.204l36.203-36.204c9.997-9.998 26.207-9.998 36.204 0L192 312.69 432.095 72.596c9.997-9.997 26.207-9.997 36.204 0l36.203 36.204c9.997 9.997 9.997 26.206 0 36.204l-294.4 294.401c-9.998 9.997-26.207 9.997-36.204-.001z\"><\/path><\/svg>\t\t\t\t\t\t<\/span>\n\t\t\t\t\t\t\t\t\t\t<span class=\"elementor-icon-list-text\"><b>Nachhaltigkeitserwartungen steigen:<\/b> 53% der Kunden halten es f\u00fcr wichtig, dass H\u00e4ndler umweltfreundliche Lieferoptionen anbieten.<\/span>\n\t\t\t\t\t\t\t\t\t<\/li>\n\t\t\t\t\t\t\t\t<li class=\"elementor-icon-list-item\">\n\t\t\t\t\t\t\t\t\t\t\t<span class=\"elementor-icon-list-icon\">\n\t\t\t\t\t\t\t<svg aria-hidden=\"true\" class=\"e-font-icon-svg e-fas-check\" viewBox=\"0 0 512 512\" xmlns=\"http:\/\/www.w3.org\/2000\/svg\"><path d=\"M173.898 439.404l-166.4-166.4c-9.997-9.997-9.997-26.206 0-36.204l36.203-36.204c9.997-9.998 26.207-9.998 36.204 0L192 312.69 432.095 72.596c9.997-9.997 26.207-9.997 36.204 0l36.203 36.204c9.997 9.997 9.997 26.206 0 36.204l-294.4 294.401c-9.998 9.997-26.207 9.997-36.204-.001z\"><\/path><\/svg>\t\t\t\t\t\t<\/span>\n\t\t\t\t\t\t\t\t\t\t<span class=\"elementor-icon-list-text\"><b>WISMO-Anfragen beeinflussen die Kundenzufriedenheit:<\/b> 46% der Befragten geben an, dass sie wahrscheinlich eine negative Bewertung hinterlassen, wenn ein Problem nicht schnell gel\u00f6st wird.<\/span>\n\t\t\t\t\t\t\t\t\t<\/li>\n\t\t\t\t\t\t\t\t<li class=\"elementor-icon-list-item\">\n\t\t\t\t\t\t\t\t\t\t\t<span class=\"elementor-icon-list-icon\">\n\t\t\t\t\t\t\t<svg aria-hidden=\"true\" class=\"e-font-icon-svg e-fas-check\" viewBox=\"0 0 512 512\" xmlns=\"http:\/\/www.w3.org\/2000\/svg\"><path d=\"M173.898 439.404l-166.4-166.4c-9.997-9.997-9.997-26.206 0-36.204l36.203-36.204c9.997-9.998 26.207-9.998 36.204 0L192 312.69 432.095 72.596c9.997-9.997 26.207-9.997 36.204 0l36.203 36.204c9.997 9.997 9.997 26.206 0 36.204l-294.4 294.401c-9.998 9.997-26.207 9.997-36.204-.001z\"><\/path><\/svg>\t\t\t\t\t\t<\/span>\n\t\t\t\t\t\t\t\t\t\t<span class=\"elementor-icon-list-text\">Und vieles mehr!<\/span>\n\t\t\t\t\t\t\t\t\t<\/li>\n\t\t\t\t\t\t<\/ul>\n\t\t\t\t\t\t<\/div>\n\t\t\t\t<\/div>\n\t\t\t\t<div class=\"elementor-element elementor-element-6155f72 elementor-widget elementor-widget-button\" data-id=\"6155f72\" data-element_type=\"widget\" data-e-type=\"widget\" data-widget_type=\"button.default\">\n\t\t\t\t<div class=\"elementor-widget-container\">\n\t\t\t\t\t\t\t\t\t<div class=\"elementor-button-wrapper\">\n\t\t\t\t\t<a class=\"elementor-button elementor-button-link elementor-size-sm\" href=\"#download\">\n\t\t\t\t\t\t<span class=\"elementor-button-content-wrapper\">\n\t\t\t\t\t\t\t\t\t<span class=\"elementor-button-text\">Zum Bericht<\/span>\n\t\t\t\t\t<\/span>\n\t\t\t\t\t<\/a>\n\t\t\t\t<\/div>\n\t\t\t\t\t\t\t\t<\/div>\n\t\t\t\t<\/div>\n\t\t\t\t\t<\/div>\n\t\t<\/div>\n\t\t\t\t\t<\/div>\n\t\t<\/section>\n\t\t\t\t<\/div>\n\t\t","protected":false},"excerpt":{"rendered":"<p>Letzte-Meile-Zustellung 2025: Erwartungen deutscher Verbraucher und Handlungsempfehlungen f\u00fcr H\u00e4ndler&nbsp; Die letzte Meile der Zustellung ist heute wichtiger denn je. Zu verstehen, was Ihre deutschen Kunden wirklich wollen, kann der Schl\u00fcssel zu h\u00f6heren Konversionsraten, gesteigerter Loyalit\u00e4t und gr\u00f6\u00dferem Umsatz sein. Entdecken Sie wertvolle Einblicke von \u00fcber 1.000 deutschen Verbrauchern, um ihre Erwartungen an die Zustellung auf [&hellip;]<\/p>\n","protected":false},"author":23,"featured_media":23391,"parent":0,"menu_order":0,"comment_status":"closed","ping_status":"closed","template":"","meta":{"_acf_changed":false,"content-type":"","om_disable_all_campaigns":false,"footnotes":"","_links_to":"","_links_to_target":""},"coauthors":[],"class_list":["post-23304","page","type-page","status-publish","has-post-thumbnail","hentry"],"acf":[],"yoast_head":"<!-- This site is optimized with the Yoast SEO plugin v27.2 - https:\/\/yoast.com\/product\/yoast-seo-wordpress\/ -->\n<title>Letzte-Meile-Zustellung 2025<\/title>\n<meta name=\"description\" content=\"Erfahren Sie, was deutsche Verbraucher 2025 von der Letzte-Meile-Zustellung erwarten - mit exklusiven Einblicken f\u00fcr den Handel.\" \/>\n<meta name=\"robots\" content=\"index, follow, max-snippet:-1, max-image-preview:large, max-video-preview:-1\" \/>\n<link rel=\"canonical\" href=\"https:\/\/www.scurri.com\/de\/letzte-meile-download\/\" \/>\n<meta property=\"og:locale\" content=\"en_GB\" \/>\n<meta property=\"og:type\" content=\"article\" \/>\n<meta property=\"og:title\" content=\"Letzte-Meile-Zustellung 2025\" \/>\n<meta property=\"og:description\" content=\"Erfahren Sie, was deutsche Verbraucher 2025 von der Letzte-Meile-Zustellung erwarten - mit exklusiven Einblicken f\u00fcr den Handel.\" \/>\n<meta property=\"og:url\" content=\"https:\/\/www.scurri.com\/de\/letzte-meile-download\/\" \/>\n<meta property=\"og:site_name\" content=\"Scurri\" \/>\n<meta property=\"article:modified_time\" content=\"2025-09-04T11:03:54+00:00\" \/>\n<meta property=\"og:image\" content=\"https:\/\/www.scurri.com\/de\/wp-content\/uploads\/sites\/2\/2025\/04\/SC-German-Report-Landing-Page-Graphic-02.jpg\" \/>\n\t<meta property=\"og:image:width\" content=\"1000\" \/>\n\t<meta property=\"og:image:height\" content=\"750\" \/>\n\t<meta property=\"og:image:type\" content=\"image\/jpeg\" \/>\n<meta name=\"twitter:card\" content=\"summary_large_image\" \/>\n<meta name=\"twitter:label1\" content=\"Est. reading time\" \/>\n\t<meta name=\"twitter:data1\" content=\"2 minutes\" \/>\n\t<meta name=\"twitter:label2\" content=\"Written by\" \/>\n\t<meta name=\"twitter:data2\" content=\"priscilafenner\" \/>\n<script type=\"application\/ld+json\" class=\"yoast-schema-graph\">{\"@context\":\"https:\/\/schema.org\",\"@graph\":[{\"@type\":\"WebPage\",\"@id\":\"https:\/\/www.scurri.com\/de\/letzte-meile-download\/\",\"url\":\"https:\/\/www.scurri.com\/de\/letzte-meile-download\/\",\"name\":\"Letzte-Meile-Zustellung 2025\",\"isPartOf\":{\"@id\":\"https:\/\/www.scurri.com\/de\/#website\"},\"primaryImageOfPage\":{\"@id\":\"https:\/\/www.scurri.com\/de\/letzte-meile-download\/#primaryimage\"},\"image\":{\"@id\":\"https:\/\/www.scurri.com\/de\/letzte-meile-download\/#primaryimage\"},\"thumbnailUrl\":\"https:\/\/www.scurri.com\/de\/wp-content\/uploads\/sites\/2\/2025\/04\/SC-German-Report-Landing-Page-Graphic-02.jpg\",\"datePublished\":\"2025-04-03T08:32:40+00:00\",\"dateModified\":\"2025-09-04T11:03:54+00:00\",\"description\":\"Erfahren Sie, was deutsche Verbraucher 2025 von der Letzte-Meile-Zustellung erwarten - mit exklusiven Einblicken f\u00fcr den Handel.\",\"breadcrumb\":{\"@id\":\"https:\/\/www.scurri.com\/de\/letzte-meile-download\/#breadcrumb\"},\"inLanguage\":\"en-GB\",\"potentialAction\":[{\"@type\":\"ReadAction\",\"target\":[\"https:\/\/www.scurri.com\/de\/letzte-meile-download\/\"]}]},{\"@type\":\"ImageObject\",\"inLanguage\":\"en-GB\",\"@id\":\"https:\/\/www.scurri.com\/de\/letzte-meile-download\/#primaryimage\",\"url\":\"https:\/\/www.scurri.com\/de\/wp-content\/uploads\/sites\/2\/2025\/04\/SC-German-Report-Landing-Page-Graphic-02.jpg\",\"contentUrl\":\"https:\/\/www.scurri.com\/de\/wp-content\/uploads\/sites\/2\/2025\/04\/SC-German-Report-Landing-Page-Graphic-02.jpg\",\"width\":1000,\"height\":750,\"caption\":\"Letzte-Meile-Zustellung 2025 - Scurri\"},{\"@type\":\"BreadcrumbList\",\"@id\":\"https:\/\/www.scurri.com\/de\/letzte-meile-download\/#breadcrumb\",\"itemListElement\":[{\"@type\":\"ListItem\",\"position\":1,\"name\":\"Home\",\"item\":\"https:\/\/www.scurri.com\/de\/\"},{\"@type\":\"ListItem\",\"position\":2,\"name\":\"Letzte-Meile-Zustellung 2025\"}]},{\"@type\":\"WebSite\",\"@id\":\"https:\/\/www.scurri.com\/de\/#website\",\"url\":\"https:\/\/www.scurri.com\/de\/\",\"name\":\"Scurri\",\"description\":\"Liefermanagement &amp; Kommunikation nach dem Erwerb\",\"publisher\":{\"@id\":\"https:\/\/www.scurri.com\/de\/#organization\"},\"potentialAction\":[{\"@type\":\"SearchAction\",\"target\":{\"@type\":\"EntryPoint\",\"urlTemplate\":\"https:\/\/www.scurri.com\/de\/?s={search_term_string}\"},\"query-input\":{\"@type\":\"PropertyValueSpecification\",\"valueRequired\":true,\"valueName\":\"search_term_string\"}}],\"inLanguage\":\"en-GB\"},{\"@type\":\"Organization\",\"@id\":\"https:\/\/www.scurri.com\/de\/#organization\",\"name\":\"Scurri\",\"url\":\"https:\/\/www.scurri.com\/de\/\",\"logo\":{\"@type\":\"ImageObject\",\"inLanguage\":\"en-GB\",\"@id\":\"https:\/\/www.scurri.com\/de\/#\/schema\/logo\/image\/\",\"url\":\"https:\/\/www.scurri.com\/de\/wp-content\/uploads\/sites\/2\/2024\/10\/Group-3.svg\",\"contentUrl\":\"https:\/\/www.scurri.com\/de\/wp-content\/uploads\/sites\/2\/2024\/10\/Group-3.svg\",\"width\":139,\"height\":35,\"caption\":\"Scurri\"},\"image\":{\"@id\":\"https:\/\/www.scurri.com\/de\/#\/schema\/logo\/image\/\"}}]}<\/script>\n<!-- \/ Yoast SEO plugin. -->","yoast_head_json":{"title":"Letzte-Meile-Zustellung 2025","description":"Erfahren Sie, was deutsche Verbraucher 2025 von der Letzte-Meile-Zustellung erwarten - mit exklusiven Einblicken f\u00fcr den Handel.","robots":{"index":"index","follow":"follow","max-snippet":"max-snippet:-1","max-image-preview":"max-image-preview:large","max-video-preview":"max-video-preview:-1"},"canonical":"https:\/\/www.scurri.com\/de\/letzte-meile-download\/","og_locale":"en_GB","og_type":"article","og_title":"Letzte-Meile-Zustellung 2025","og_description":"Erfahren Sie, was deutsche Verbraucher 2025 von der Letzte-Meile-Zustellung erwarten - mit exklusiven Einblicken f\u00fcr den Handel.","og_url":"https:\/\/www.scurri.com\/de\/letzte-meile-download\/","og_site_name":"Scurri","article_modified_time":"2025-09-04T11:03:54+00:00","og_image":[{"width":1000,"height":750,"url":"https:\/\/www.scurri.com\/de\/wp-content\/uploads\/sites\/2\/2025\/04\/SC-German-Report-Landing-Page-Graphic-02.jpg","type":"image\/jpeg"}],"twitter_card":"summary_large_image","twitter_misc":{"Est. reading time":"2 minutes","Written by":"priscilafenner"},"schema":{"@context":"https:\/\/schema.org","@graph":[{"@type":"WebPage","@id":"https:\/\/www.scurri.com\/de\/letzte-meile-download\/","url":"https:\/\/www.scurri.com\/de\/letzte-meile-download\/","name":"Letzte-Meile-Zustellung 2025","isPartOf":{"@id":"https:\/\/www.scurri.com\/de\/#website"},"primaryImageOfPage":{"@id":"https:\/\/www.scurri.com\/de\/letzte-meile-download\/#primaryimage"},"image":{"@id":"https:\/\/www.scurri.com\/de\/letzte-meile-download\/#primaryimage"},"thumbnailUrl":"https:\/\/www.scurri.com\/de\/wp-content\/uploads\/sites\/2\/2025\/04\/SC-German-Report-Landing-Page-Graphic-02.jpg","datePublished":"2025-04-03T08:32:40+00:00","dateModified":"2025-09-04T11:03:54+00:00","description":"Erfahren Sie, was deutsche Verbraucher 2025 von der Letzte-Meile-Zustellung erwarten - mit exklusiven Einblicken f\u00fcr den Handel.","breadcrumb":{"@id":"https:\/\/www.scurri.com\/de\/letzte-meile-download\/#breadcrumb"},"inLanguage":"en-GB","potentialAction":[{"@type":"ReadAction","target":["https:\/\/www.scurri.com\/de\/letzte-meile-download\/"]}]},{"@type":"ImageObject","inLanguage":"en-GB","@id":"https:\/\/www.scurri.com\/de\/letzte-meile-download\/#primaryimage","url":"https:\/\/www.scurri.com\/de\/wp-content\/uploads\/sites\/2\/2025\/04\/SC-German-Report-Landing-Page-Graphic-02.jpg","contentUrl":"https:\/\/www.scurri.com\/de\/wp-content\/uploads\/sites\/2\/2025\/04\/SC-German-Report-Landing-Page-Graphic-02.jpg","width":1000,"height":750,"caption":"Letzte-Meile-Zustellung 2025 - Scurri"},{"@type":"BreadcrumbList","@id":"https:\/\/www.scurri.com\/de\/letzte-meile-download\/#breadcrumb","itemListElement":[{"@type":"ListItem","position":1,"name":"Home","item":"https:\/\/www.scurri.com\/de\/"},{"@type":"ListItem","position":2,"name":"Letzte-Meile-Zustellung 2025"}]},{"@type":"WebSite","@id":"https:\/\/www.scurri.com\/de\/#website","url":"https:\/\/www.scurri.com\/de\/","name":"Scurri","description":"Liefermanagement &amp; Kommunikation nach dem Erwerb","publisher":{"@id":"https:\/\/www.scurri.com\/de\/#organization"},"potentialAction":[{"@type":"SearchAction","target":{"@type":"EntryPoint","urlTemplate":"https:\/\/www.scurri.com\/de\/?s={search_term_string}"},"query-input":{"@type":"PropertyValueSpecification","valueRequired":true,"valueName":"search_term_string"}}],"inLanguage":"en-GB"},{"@type":"Organization","@id":"https:\/\/www.scurri.com\/de\/#organization","name":"Scurri","url":"https:\/\/www.scurri.com\/de\/","logo":{"@type":"ImageObject","inLanguage":"en-GB","@id":"https:\/\/www.scurri.com\/de\/#\/schema\/logo\/image\/","url":"https:\/\/www.scurri.com\/de\/wp-content\/uploads\/sites\/2\/2024\/10\/Group-3.svg","contentUrl":"https:\/\/www.scurri.com\/de\/wp-content\/uploads\/sites\/2\/2024\/10\/Group-3.svg","width":139,"height":35,"caption":"Scurri"},"image":{"@id":"https:\/\/www.scurri.com\/de\/#\/schema\/logo\/image\/"}}]}},"_links":{"self":[{"href":"https:\/\/www.scurri.com\/de\/wp-json\/wp\/v2\/pages\/23304","targetHints":{"allow":["GET"]}}],"collection":[{"href":"https:\/\/www.scurri.com\/de\/wp-json\/wp\/v2\/pages"}],"about":[{"href":"https:\/\/www.scurri.com\/de\/wp-json\/wp\/v2\/types\/page"}],"author":[{"embeddable":true,"href":"https:\/\/www.scurri.com\/de\/wp-json\/wp\/v2\/users\/23"}],"replies":[{"embeddable":true,"href":"https:\/\/www.scurri.com\/de\/wp-json\/wp\/v2\/comments?post=23304"}],"version-history":[{"count":0,"href":"https:\/\/www.scurri.com\/de\/wp-json\/wp\/v2\/pages\/23304\/revisions"}],"wp:featuredmedia":[{"embeddable":true,"href":"https:\/\/www.scurri.com\/de\/wp-json\/wp\/v2\/media\/23391"}],"wp:attachment":[{"href":"https:\/\/www.scurri.com\/de\/wp-json\/wp\/v2\/media?parent=23304"}],"wp:term":[{"taxonomy":"author","embeddable":true,"href":"https:\/\/www.scurri.com\/de\/wp-json\/wp\/v2\/coauthors?post=23304"}],"curies":[{"name":"wp","href":"https:\/\/api.w.org\/{rel}","templated":true}]}}