{"id":23019,"date":"2024-06-24T14:33:16","date_gmt":"2024-06-24T14:33:16","guid":{"rendered":"https:\/\/www.scurri.com\/de\/thank-you-g\/"},"modified":"2025-09-04T11:31:22","modified_gmt":"2025-09-04T11:31:22","slug":"danke","status":"publish","type":"page","link":"https:\/\/www.scurri.com\/de\/danke\/","title":{"rendered":"Danke f\u00fcr Ihre Kontaktaufnahme"},"content":{"rendered":"\t\t<div data-elementor-type=\"wp-page\" data-elementor-id=\"23019\" class=\"elementor elementor-23019\" data-elementor-post-type=\"page\">\n\t\t\t\t\t\t<section class=\"elementor-section elementor-top-section elementor-element elementor-element-6b8296f9 elementor-section-boxed elementor-section-height-default elementor-section-height-default\" data-id=\"6b8296f9\" data-element_type=\"section\" data-e-type=\"section\">\n\t\t\t\t\t\t<div class=\"elementor-container elementor-column-gap-default\">\n\t\t\t\t\t<div class=\"elementor-column elementor-col-100 elementor-top-column elementor-element elementor-element-5ace2837\" data-id=\"5ace2837\" data-element_type=\"column\" data-e-type=\"column\">\n\t\t\t<div class=\"elementor-widget-wrap\">\n\t\t\t\t\t\t\t<\/div>\n\t\t<\/div>\n\t\t\t\t\t<\/div>\n\t\t<\/section>\n\t\t\t\t<section class=\"elementor-section elementor-top-section elementor-element elementor-element-527c4f64 elementor-section-boxed elementor-section-height-default elementor-section-height-default\" data-id=\"527c4f64\" data-element_type=\"section\" data-e-type=\"section\">\n\t\t\t\t\t\t<div class=\"elementor-container elementor-column-gap-no\">\n\t\t\t\t\t<div class=\"elementor-column elementor-col-100 elementor-top-column elementor-element elementor-element-76520bd9\" data-id=\"76520bd9\" data-element_type=\"column\" data-e-type=\"column\">\n\t\t\t<div class=\"elementor-widget-wrap elementor-element-populated\">\n\t\t\t\t\t\t<section class=\"elementor-section elementor-inner-section elementor-element elementor-element-7dc69622 elementor-section-boxed elementor-section-height-default elementor-section-height-default\" data-id=\"7dc69622\" data-element_type=\"section\" data-e-type=\"section\">\n\t\t\t\t\t\t<div class=\"elementor-container elementor-column-gap-no\">\n\t\t\t\t\t<div class=\"elementor-column elementor-col-100 elementor-inner-column elementor-element elementor-element-7f8d6b52\" data-id=\"7f8d6b52\" data-element_type=\"column\" data-e-type=\"column\">\n\t\t\t<div class=\"elementor-widget-wrap elementor-element-populated\">\n\t\t\t\t\t\t<div class=\"elementor-element elementor-element-7b61ee4c elementor-widget elementor-widget-text-editor\" data-id=\"7b61ee4c\" data-element_type=\"widget\" data-e-type=\"widget\" data-widget_type=\"text-editor.default\">\n\t\t\t\t<div class=\"elementor-widget-container\">\n\t\t\t\t\t\t\t\t\t<h1>Vielen Dank<\/h1>\t\t\t\t\t\t\t\t<\/div>\n\t\t\t\t<\/div>\n\t\t\t\t<div class=\"elementor-element elementor-element-5a206b14 elementor-widget elementor-widget-heading\" data-id=\"5a206b14\" data-element_type=\"widget\" data-e-type=\"widget\" data-widget_type=\"heading.default\">\n\t\t\t\t<div class=\"elementor-widget-container\">\n\t\t\t\t\t<h2 class=\"elementor-heading-title elementor-size-default\">Vielen Dank, ein Mitarbeiter des Scurri-Teams wird sich in K\u00fcrze mit Ihnen in Verbindung setzen.\n<br><br>\n\nIn der Zwischenzeit k\u00f6nnen Sie sich unten mehr dar\u00fcber erfahren, wie Scurri eCommere-Lieferprobleme l\u00f6st.<\/h2>\t\t\t\t<\/div>\n\t\t\t\t<\/div>\n\t\t\t\t\t<\/div>\n\t\t<\/div>\n\t\t\t\t\t<\/div>\n\t\t<\/section>\n\t\t\t\t\t<\/div>\n\t\t<\/div>\n\t\t\t\t\t<\/div>\n\t\t<\/section>\n\t\t\t\t<section class=\"elementor-section elementor-top-section elementor-element elementor-element-352b11a5 elementor-section-boxed elementor-section-height-default elementor-section-height-default\" data-id=\"352b11a5\" data-element_type=\"section\" data-e-type=\"section\">\n\t\t\t\t\t\t<div class=\"elementor-container elementor-column-gap-no\">\n\t\t\t\t\t<div class=\"elementor-column elementor-col-100 elementor-top-column elementor-element elementor-element-7332c015\" data-id=\"7332c015\" data-element_type=\"column\" data-e-type=\"column\">\n\t\t\t<div class=\"elementor-widget-wrap elementor-element-populated\">\n\t\t\t\t\t\t<section class=\"elementor-section elementor-inner-section elementor-element elementor-element-10ca4d77 elementor-section-boxed elementor-section-height-default elementor-section-height-default\" data-id=\"10ca4d77\" data-element_type=\"section\" data-e-type=\"section\" data-settings=\"{&quot;background_background&quot;:&quot;classic&quot;}\">\n\t\t\t\t\t\t<div class=\"elementor-container elementor-column-gap-no\">\n\t\t\t\t\t<div class=\"elementor-column elementor-col-50 elementor-inner-column elementor-element elementor-element-7a9cfe5\" data-id=\"7a9cfe5\" data-element_type=\"column\" data-e-type=\"column\">\n\t\t\t<div class=\"elementor-widget-wrap elementor-element-populated\">\n\t\t\t\t\t\t<div class=\"elementor-element elementor-element-31962803 elementor-widget elementor-widget-image\" data-id=\"31962803\" data-element_type=\"widget\" data-e-type=\"widget\" data-widget_type=\"image.default\">\n\t\t\t\t<div class=\"elementor-widget-container\">\n\t\t\t\t\t\t\t\t\t\t\t\t\t\t\t<img fetchpriority=\"high\" decoding=\"async\" width=\"555\" height=\"470\" src=\"https:\/\/www.scurri.com\/de\/wp-content\/uploads\/sites\/2\/2024\/06\/Pain-Points-3-1.jpg\" class=\"attachment-large size-large wp-image-22311\" alt=\"\" srcset=\"https:\/\/www.scurri.com\/de\/wp-content\/uploads\/sites\/2\/2024\/06\/Pain-Points-3-1.jpg 555w, https:\/\/www.scurri.com\/de\/wp-content\/uploads\/sites\/2\/2024\/06\/Pain-Points-3-1-300x254.jpg 300w\" sizes=\"(max-width: 555px) 100vw, 555px\" \/>\t\t\t\t\t\t\t\t\t\t\t\t\t\t\t<\/div>\n\t\t\t\t<\/div>\n\t\t\t\t\t<\/div>\n\t\t<\/div>\n\t\t\t\t<div class=\"elementor-column elementor-col-50 elementor-inner-column elementor-element elementor-element-2e9c0186\" data-id=\"2e9c0186\" data-element_type=\"column\" data-e-type=\"column\">\n\t\t\t<div class=\"elementor-widget-wrap elementor-element-populated\">\n\t\t\t\t\t\t<div class=\"elementor-element elementor-element-7b1fd90 elementor-widget elementor-widget-heading\" data-id=\"7b1fd90\" data-element_type=\"widget\" data-e-type=\"widget\" data-widget_type=\"heading.default\">\n\t\t\t\t<div class=\"elementor-widget-container\">\n\t\t\t\t\t<h2 class=\"elementor-heading-title elementor-size-default\">Herausforderungen<\/h2>\t\t\t\t<\/div>\n\t\t\t\t<\/div>\n\t\t\t\t<div class=\"elementor-element elementor-element-6481108d elementor-widget elementor-widget-heading\" data-id=\"6481108d\" data-element_type=\"widget\" data-e-type=\"widget\" data-widget_type=\"heading.default\">\n\t\t\t\t<div class=\"elementor-widget-container\">\n\t\t\t\t\t<h2 class=\"elementor-heading-title elementor-size-default\">Probleme bei der Lieferung und wie wir sie l\u00f6sen<\/h2>\t\t\t\t<\/div>\n\t\t\t\t<\/div>\n\t\t\t\t<div class=\"elementor-element elementor-element-78949dac elementor-widget elementor-widget-text-editor\" data-id=\"78949dac\" data-element_type=\"widget\" data-e-type=\"widget\" data-widget_type=\"text-editor.default\">\n\t\t\t\t<div class=\"elementor-widget-container\">\n\t\t\t\t\t\t\t\t\t<p>Wir verstehen, dass der Lieferprozess f\u00fcr Online-H\u00e4ndler eine Reihe von Herausforderungen mit sich bringt, die es zu l\u00f6sen gilt.<\/p><p>\u00a0<\/p><p>Entdecken Sie, wie Scurri Connect zur L\u00f6sung dieser Probleme beitr\u00e4gt und unseren Kunden die Kontrolle \u00fcber ihr Liefermanagement erm\u00f6glicht.<\/p>\t\t\t\t\t\t\t\t<\/div>\n\t\t\t\t<\/div>\n\t\t\t\t<div class=\"elementor-element elementor-element-6ab1a5f5 elementor-align-left elementor-widget elementor-widget-button\" data-id=\"6ab1a5f5\" data-element_type=\"widget\" data-e-type=\"widget\" data-widget_type=\"button.default\">\n\t\t\t\t<div class=\"elementor-widget-container\">\n\t\t\t\t\t\t\t\t\t<div class=\"elementor-button-wrapper\">\n\t\t\t\t\t<a class=\"elementor-button elementor-button-link elementor-size-sm\" href=\"\/pain-points\/?page_source=home-ux-para-btn-mre-fwidth2col\">\n\t\t\t\t\t\t<span class=\"elementor-button-content-wrapper\">\n\t\t\t\t\t\t\t\t\t<span class=\"elementor-button-text\">ERFAHREN SIE MEHR<\/span>\n\t\t\t\t\t<\/span>\n\t\t\t\t\t<\/a>\n\t\t\t\t<\/div>\n\t\t\t\t\t\t\t\t<\/div>\n\t\t\t\t<\/div>\n\t\t\t\t\t<\/div>\n\t\t<\/div>\n\t\t\t\t\t<\/div>\n\t\t<\/section>\n\t\t\t\t\t<\/div>\n\t\t<\/div>\n\t\t\t\t\t<\/div>\n\t\t<\/section>\n\t\t\t\t<\/div>\n\t\t","protected":false},"excerpt":{"rendered":"<p>Vielen Dank Vielen Dank, ein Mitarbeiter des Scurri-Teams wird sich in K\u00fcrze mit Ihnen in Verbindung setzen. In der Zwischenzeit k\u00f6nnen Sie sich unten mehr dar\u00fcber erfahren, wie Scurri eCommere-Lieferprobleme l\u00f6st. Herausforderungen Probleme bei der Lieferung und wie wir sie l\u00f6sen Wir verstehen, dass der Lieferprozess f\u00fcr Online-H\u00e4ndler eine Reihe von Herausforderungen mit sich bringt, [&hellip;]<\/p>\n","protected":false},"author":12,"featured_media":0,"parent":0,"menu_order":0,"comment_status":"closed","ping_status":"closed","template":"","meta":{"_acf_changed":false,"content-type":"","om_disable_all_campaigns":false,"footnotes":"","_links_to":"","_links_to_target":""},"coauthors":[],"class_list":["post-23019","page","type-page","status-publish","hentry"],"acf":[],"yoast_head":"<!-- This site is optimized with the Yoast SEO plugin v27.2 - https:\/\/yoast.com\/product\/yoast-seo-wordpress\/ -->\n<title>Danke f\u00fcr Ihre Kontaktaufnahme - Scurri<\/title>\n<meta name=\"description\" content=\"Vielen Dank, dass Sie Kontakt mit unserem Team aufgenommen haben. Wir melden uns in K\u00fcrze bei Ihnen.\" \/>\n<meta name=\"robots\" content=\"index, follow, max-snippet:-1, max-image-preview:large, max-video-preview:-1\" \/>\n<link rel=\"canonical\" href=\"https:\/\/www.scurri.com\/de\/danke\/\" \/>\n<meta property=\"og:locale\" content=\"en_GB\" \/>\n<meta property=\"og:type\" content=\"article\" \/>\n<meta property=\"og:title\" content=\"Danke f\u00fcr Ihre Kontaktaufnahme - Scurri\" \/>\n<meta property=\"og:description\" content=\"Vielen Dank, dass Sie Kontakt mit unserem Team aufgenommen haben. Wir melden uns in K\u00fcrze bei Ihnen.\" \/>\n<meta property=\"og:url\" content=\"https:\/\/www.scurri.com\/de\/danke\/\" \/>\n<meta property=\"og:site_name\" content=\"Scurri\" \/>\n<meta property=\"article:modified_time\" content=\"2025-09-04T11:31:22+00:00\" \/>\n<meta property=\"og:image\" content=\"https:\/\/www.scurri.com\/de\/wp-content\/uploads\/sites\/2\/2024\/06\/Pain-Points-3-1.jpg\" \/>\n<meta name=\"twitter:card\" content=\"summary_large_image\" \/>\n<meta name=\"twitter:label1\" content=\"Est. reading time\" \/>\n\t<meta name=\"twitter:data1\" content=\"1 minute\" \/>\n\t<meta name=\"twitter:label2\" content=\"Written by\" \/>\n\t<meta name=\"twitter:data2\" content=\"Eoin Mulvihill\" \/>\n<script type=\"application\/ld+json\" class=\"yoast-schema-graph\">{\"@context\":\"https:\/\/schema.org\",\"@graph\":[{\"@type\":\"WebPage\",\"@id\":\"https:\/\/www.scurri.com\/de\/danke\/\",\"url\":\"https:\/\/www.scurri.com\/de\/danke\/\",\"name\":\"Danke f\u00fcr Ihre Kontaktaufnahme - Scurri\",\"isPartOf\":{\"@id\":\"https:\/\/www.scurri.com\/de\/#website\"},\"primaryImageOfPage\":{\"@id\":\"https:\/\/www.scurri.com\/de\/danke\/#primaryimage\"},\"image\":{\"@id\":\"https:\/\/www.scurri.com\/de\/danke\/#primaryimage\"},\"thumbnailUrl\":\"https:\/\/www.scurri.com\/de\/wp-content\/uploads\/sites\/2\/2024\/06\/Pain-Points-3-1.jpg\",\"datePublished\":\"2024-06-24T14:33:16+00:00\",\"dateModified\":\"2025-09-04T11:31:22+00:00\",\"description\":\"Vielen Dank, dass Sie Kontakt mit unserem Team aufgenommen haben. Wir melden uns in K\u00fcrze bei Ihnen.\",\"breadcrumb\":{\"@id\":\"https:\/\/www.scurri.com\/de\/danke\/#breadcrumb\"},\"inLanguage\":\"en-GB\",\"potentialAction\":[{\"@type\":\"ReadAction\",\"target\":[\"https:\/\/www.scurri.com\/de\/danke\/\"]}]},{\"@type\":\"ImageObject\",\"inLanguage\":\"en-GB\",\"@id\":\"https:\/\/www.scurri.com\/de\/danke\/#primaryimage\",\"url\":\"https:\/\/www.scurri.com\/de\/wp-content\/uploads\/sites\/2\/2024\/06\/Pain-Points-3-1.jpg\",\"contentUrl\":\"https:\/\/www.scurri.com\/de\/wp-content\/uploads\/sites\/2\/2024\/06\/Pain-Points-3-1.jpg\",\"width\":555,\"height\":470},{\"@type\":\"BreadcrumbList\",\"@id\":\"https:\/\/www.scurri.com\/de\/danke\/#breadcrumb\",\"itemListElement\":[{\"@type\":\"ListItem\",\"position\":1,\"name\":\"Home\",\"item\":\"https:\/\/www.scurri.com\/de\/\"},{\"@type\":\"ListItem\",\"position\":2,\"name\":\"Danke f\u00fcr Ihre Kontaktaufnahme\"}]},{\"@type\":\"WebSite\",\"@id\":\"https:\/\/www.scurri.com\/de\/#website\",\"url\":\"https:\/\/www.scurri.com\/de\/\",\"name\":\"Scurri\",\"description\":\"Liefermanagement &amp; Kommunikation nach dem Erwerb\",\"publisher\":{\"@id\":\"https:\/\/www.scurri.com\/de\/#organization\"},\"potentialAction\":[{\"@type\":\"SearchAction\",\"target\":{\"@type\":\"EntryPoint\",\"urlTemplate\":\"https:\/\/www.scurri.com\/de\/?s={search_term_string}\"},\"query-input\":{\"@type\":\"PropertyValueSpecification\",\"valueRequired\":true,\"valueName\":\"search_term_string\"}}],\"inLanguage\":\"en-GB\"},{\"@type\":\"Organization\",\"@id\":\"https:\/\/www.scurri.com\/de\/#organization\",\"name\":\"Scurri\",\"url\":\"https:\/\/www.scurri.com\/de\/\",\"logo\":{\"@type\":\"ImageObject\",\"inLanguage\":\"en-GB\",\"@id\":\"https:\/\/www.scurri.com\/de\/#\/schema\/logo\/image\/\",\"url\":\"https:\/\/www.scurri.com\/de\/wp-content\/uploads\/sites\/2\/2024\/10\/Group-3.svg\",\"contentUrl\":\"https:\/\/www.scurri.com\/de\/wp-content\/uploads\/sites\/2\/2024\/10\/Group-3.svg\",\"width\":139,\"height\":35,\"caption\":\"Scurri\"},\"image\":{\"@id\":\"https:\/\/www.scurri.com\/de\/#\/schema\/logo\/image\/\"}}]}<\/script>\n<!-- \/ Yoast SEO plugin. -->","yoast_head_json":{"title":"Danke f\u00fcr Ihre Kontaktaufnahme - Scurri","description":"Vielen Dank, dass Sie Kontakt mit unserem Team aufgenommen haben. Wir melden uns in K\u00fcrze bei Ihnen.","robots":{"index":"index","follow":"follow","max-snippet":"max-snippet:-1","max-image-preview":"max-image-preview:large","max-video-preview":"max-video-preview:-1"},"canonical":"https:\/\/www.scurri.com\/de\/danke\/","og_locale":"en_GB","og_type":"article","og_title":"Danke f\u00fcr Ihre Kontaktaufnahme - Scurri","og_description":"Vielen Dank, dass Sie Kontakt mit unserem Team aufgenommen haben. Wir melden uns in K\u00fcrze bei Ihnen.","og_url":"https:\/\/www.scurri.com\/de\/danke\/","og_site_name":"Scurri","article_modified_time":"2025-09-04T11:31:22+00:00","og_image":[{"url":"https:\/\/www.scurri.com\/de\/wp-content\/uploads\/sites\/2\/2024\/06\/Pain-Points-3-1.jpg","type":"","width":"","height":""}],"twitter_card":"summary_large_image","twitter_misc":{"Est. reading time":"1 minute","Written by":"Eoin Mulvihill"},"schema":{"@context":"https:\/\/schema.org","@graph":[{"@type":"WebPage","@id":"https:\/\/www.scurri.com\/de\/danke\/","url":"https:\/\/www.scurri.com\/de\/danke\/","name":"Danke f\u00fcr Ihre Kontaktaufnahme - Scurri","isPartOf":{"@id":"https:\/\/www.scurri.com\/de\/#website"},"primaryImageOfPage":{"@id":"https:\/\/www.scurri.com\/de\/danke\/#primaryimage"},"image":{"@id":"https:\/\/www.scurri.com\/de\/danke\/#primaryimage"},"thumbnailUrl":"https:\/\/www.scurri.com\/de\/wp-content\/uploads\/sites\/2\/2024\/06\/Pain-Points-3-1.jpg","datePublished":"2024-06-24T14:33:16+00:00","dateModified":"2025-09-04T11:31:22+00:00","description":"Vielen Dank, dass Sie Kontakt mit unserem Team aufgenommen haben. Wir melden uns in K\u00fcrze bei Ihnen.","breadcrumb":{"@id":"https:\/\/www.scurri.com\/de\/danke\/#breadcrumb"},"inLanguage":"en-GB","potentialAction":[{"@type":"ReadAction","target":["https:\/\/www.scurri.com\/de\/danke\/"]}]},{"@type":"ImageObject","inLanguage":"en-GB","@id":"https:\/\/www.scurri.com\/de\/danke\/#primaryimage","url":"https:\/\/www.scurri.com\/de\/wp-content\/uploads\/sites\/2\/2024\/06\/Pain-Points-3-1.jpg","contentUrl":"https:\/\/www.scurri.com\/de\/wp-content\/uploads\/sites\/2\/2024\/06\/Pain-Points-3-1.jpg","width":555,"height":470},{"@type":"BreadcrumbList","@id":"https:\/\/www.scurri.com\/de\/danke\/#breadcrumb","itemListElement":[{"@type":"ListItem","position":1,"name":"Home","item":"https:\/\/www.scurri.com\/de\/"},{"@type":"ListItem","position":2,"name":"Danke f\u00fcr Ihre Kontaktaufnahme"}]},{"@type":"WebSite","@id":"https:\/\/www.scurri.com\/de\/#website","url":"https:\/\/www.scurri.com\/de\/","name":"Scurri","description":"Liefermanagement &amp; Kommunikation nach dem Erwerb","publisher":{"@id":"https:\/\/www.scurri.com\/de\/#organization"},"potentialAction":[{"@type":"SearchAction","target":{"@type":"EntryPoint","urlTemplate":"https:\/\/www.scurri.com\/de\/?s={search_term_string}"},"query-input":{"@type":"PropertyValueSpecification","valueRequired":true,"valueName":"search_term_string"}}],"inLanguage":"en-GB"},{"@type":"Organization","@id":"https:\/\/www.scurri.com\/de\/#organization","name":"Scurri","url":"https:\/\/www.scurri.com\/de\/","logo":{"@type":"ImageObject","inLanguage":"en-GB","@id":"https:\/\/www.scurri.com\/de\/#\/schema\/logo\/image\/","url":"https:\/\/www.scurri.com\/de\/wp-content\/uploads\/sites\/2\/2024\/10\/Group-3.svg","contentUrl":"https:\/\/www.scurri.com\/de\/wp-content\/uploads\/sites\/2\/2024\/10\/Group-3.svg","width":139,"height":35,"caption":"Scurri"},"image":{"@id":"https:\/\/www.scurri.com\/de\/#\/schema\/logo\/image\/"}}]}},"_links":{"self":[{"href":"https:\/\/www.scurri.com\/de\/wp-json\/wp\/v2\/pages\/23019","targetHints":{"allow":["GET"]}}],"collection":[{"href":"https:\/\/www.scurri.com\/de\/wp-json\/wp\/v2\/pages"}],"about":[{"href":"https:\/\/www.scurri.com\/de\/wp-json\/wp\/v2\/types\/page"}],"author":[{"embeddable":true,"href":"https:\/\/www.scurri.com\/de\/wp-json\/wp\/v2\/users\/12"}],"replies":[{"embeddable":true,"href":"https:\/\/www.scurri.com\/de\/wp-json\/wp\/v2\/comments?post=23019"}],"version-history":[{"count":0,"href":"https:\/\/www.scurri.com\/de\/wp-json\/wp\/v2\/pages\/23019\/revisions"}],"wp:attachment":[{"href":"https:\/\/www.scurri.com\/de\/wp-json\/wp\/v2\/media?parent=23019"}],"wp:term":[{"taxonomy":"author","embeddable":true,"href":"https:\/\/www.scurri.com\/de\/wp-json\/wp\/v2\/coauthors?post=23019"}],"curies":[{"name":"wp","href":"https:\/\/api.w.org\/{rel}","templated":true}]}}