{"id":22999,"date":"2024-06-24T14:33:09","date_gmt":"2024-06-24T14:33:09","guid":{"rendered":"https:\/\/www.scurri.com\/de\/events-form-thank-you-page-g\/"},"modified":"2025-09-04T11:22:40","modified_gmt":"2025-09-04T11:22:40","slug":"veranstaltungen-danke","status":"publish","type":"page","link":"https:\/\/www.scurri.com\/de\/veranstaltungen-danke\/","title":{"rendered":"Danke f\u00fcr Ihr Interesse"},"content":{"rendered":"\t\t<div data-elementor-type=\"wp-page\" data-elementor-id=\"22999\" class=\"elementor elementor-22999\" data-elementor-post-type=\"page\">\n\t\t\t\t\t\t<section class=\"elementor-section elementor-top-section elementor-element elementor-element-7a183bd5 elementor-section-boxed elementor-section-height-default elementor-section-height-default\" data-id=\"7a183bd5\" data-element_type=\"section\" data-e-type=\"section\">\n\t\t\t\t\t\t<div class=\"elementor-container elementor-column-gap-no\">\n\t\t\t\t\t<div class=\"elementor-column elementor-col-100 elementor-top-column elementor-element elementor-element-5f9d0c9\" data-id=\"5f9d0c9\" data-element_type=\"column\" data-e-type=\"column\">\n\t\t\t<div class=\"elementor-widget-wrap elementor-element-populated\">\n\t\t\t\t\t\t<section class=\"elementor-section elementor-inner-section elementor-element elementor-element-4ccd985e elementor-section-boxed elementor-section-height-default elementor-section-height-default\" data-id=\"4ccd985e\" data-element_type=\"section\" data-e-type=\"section\">\n\t\t\t\t\t\t<div class=\"elementor-container elementor-column-gap-no\">\n\t\t\t\t\t<div class=\"elementor-column elementor-col-100 elementor-inner-column elementor-element elementor-element-40b81711\" data-id=\"40b81711\" data-element_type=\"column\" data-e-type=\"column\">\n\t\t\t<div class=\"elementor-widget-wrap elementor-element-populated\">\n\t\t\t\t\t\t<div class=\"elementor-element elementor-element-71bfdfb5 elementor-widget elementor-widget-text-editor\" data-id=\"71bfdfb5\" data-element_type=\"widget\" data-e-type=\"widget\" data-widget_type=\"text-editor.default\">\n\t\t\t\t<div class=\"elementor-widget-container\">\n\t\t\t\t\t\t\t\t\t<h1 class=\"elementor-heading-title elementor-size-default\">Danke f\u00fcr Ihr Interesse\n<\/h1>\t\t\t\t\t\t\t\t<\/div>\n\t\t\t\t<\/div>\n\t\t\t\t\t<\/div>\n\t\t<\/div>\n\t\t\t\t\t<\/div>\n\t\t<\/section>\n\t\t\t\t<div class=\"elementor-element elementor-element-2036a8c9 elementor-widget elementor-widget-heading\" data-id=\"2036a8c9\" data-element_type=\"widget\" data-e-type=\"widget\" data-widget_type=\"heading.default\">\n\t\t\t\t<div class=\"elementor-widget-container\">\n\t\t\t\t\t<h2 class=\"elementor-heading-title elementor-size-default\">Wir halten Sie \u00fcber unsere bevorstehenden Veranstaltungen sowie \u00fcber Scurri-Neuigkeiten und Einblicke in die eCommerce-Branche auf dem Laufenden<\/h2>\t\t\t\t<\/div>\n\t\t\t\t<\/div>\n\t\t\t\t\t<\/div>\n\t\t<\/div>\n\t\t\t\t\t<\/div>\n\t\t<\/section>\n\t\t\t\t<section class=\"elementor-section elementor-top-section elementor-element elementor-element-56f44ccf elementor-section-boxed elementor-section-height-default elementor-section-height-default\" data-id=\"56f44ccf\" data-element_type=\"section\" data-e-type=\"section\">\n\t\t\t\t\t\t<div class=\"elementor-container elementor-column-gap-default\">\n\t\t\t\t\t<div class=\"elementor-column elementor-col-100 elementor-top-column elementor-element elementor-element-26ffa1a8\" data-id=\"26ffa1a8\" data-element_type=\"column\" data-e-type=\"column\">\n\t\t\t<div class=\"elementor-widget-wrap elementor-element-populated\">\n\t\t\t\t\t\t<div class=\"elementor-element elementor-element-61517567 elementor-align-center elementor-widget__width-auto elementor-widget elementor-widget-button\" data-id=\"61517567\" data-element_type=\"widget\" data-e-type=\"widget\" data-widget_type=\"button.default\">\n\t\t\t\t<div class=\"elementor-widget-container\">\n\t\t\t\t\t\t\t\t\t<div class=\"elementor-button-wrapper\">\n\t\t\t\t\t<a class=\"elementor-button elementor-button-link elementor-size-sm\" href=\"\/de\/veranstaltungen\">\n\t\t\t\t\t\t<span class=\"elementor-button-content-wrapper\">\n\t\t\t\t\t\t\t\t\t<span class=\"elementor-button-text\">ZUR\u00dcCK<\/span>\n\t\t\t\t\t<\/span>\n\t\t\t\t\t<\/a>\n\t\t\t\t<\/div>\n\t\t\t\t\t\t\t\t<\/div>\n\t\t\t\t<\/div>\n\t\t\t\t\t<\/div>\n\t\t<\/div>\n\t\t\t\t\t<\/div>\n\t\t<\/section>\n\t\t\t\t<\/div>\n\t\t","protected":false},"excerpt":{"rendered":"<p>Danke f\u00fcr Ihr Interesse Wir halten Sie \u00fcber unsere bevorstehenden Veranstaltungen sowie \u00fcber Scurri-Neuigkeiten und Einblicke in die eCommerce-Branche auf dem Laufenden ZUR\u00dcCK<\/p>\n","protected":false},"author":12,"featured_media":23000,"parent":0,"menu_order":0,"comment_status":"closed","ping_status":"closed","template":"","meta":{"_acf_changed":false,"content-type":"","om_disable_all_campaigns":false,"footnotes":"","_links_to":"","_links_to_target":""},"coauthors":[],"class_list":["post-22999","page","type-page","status-publish","has-post-thumbnail","hentry"],"acf":[],"yoast_head":"<!-- This site is optimized with the Yoast SEO plugin v27.2 - https:\/\/yoast.com\/product\/yoast-seo-wordpress\/ -->\n<title>Danke f\u00fcr Ihr Interesse<\/title>\n<meta name=\"description\" content=\"Ein Mitglied unseres Teams wird sich in K\u00fcrze, sp\u00e4testens jedoch am n\u00e4chsten Werktag, mit Ihnen in Verbindung setzen.\" \/>\n<meta name=\"robots\" content=\"index, follow, max-snippet:-1, max-image-preview:large, max-video-preview:-1\" \/>\n<link rel=\"canonical\" href=\"https:\/\/www.scurri.com\/de\/veranstaltungen-danke\/\" \/>\n<meta property=\"og:locale\" content=\"en_GB\" \/>\n<meta property=\"og:type\" content=\"article\" \/>\n<meta property=\"og:title\" content=\"Danke f\u00fcr Ihr Interesse\" \/>\n<meta property=\"og:description\" content=\"Ein Mitglied unseres Teams wird sich in K\u00fcrze, sp\u00e4testens jedoch am n\u00e4chsten Werktag, mit Ihnen in Verbindung setzen.\" \/>\n<meta property=\"og:url\" content=\"https:\/\/www.scurri.com\/de\/veranstaltungen-danke\/\" \/>\n<meta property=\"og:site_name\" content=\"Scurri\" \/>\n<meta property=\"article:modified_time\" content=\"2025-09-04T11:22:40+00:00\" \/>\n<meta property=\"og:image\" content=\"https:\/\/www.scurri.com\/de\/wp-content\/uploads\/sites\/2\/2024\/06\/Scurri_Validify_Retail_Retreat_01-2.jpg\" \/>\n\t<meta property=\"og:image:width\" content=\"800\" \/>\n\t<meta property=\"og:image:height\" content=\"510\" \/>\n\t<meta property=\"og:image:type\" content=\"image\/jpeg\" \/>\n<meta name=\"twitter:card\" content=\"summary_large_image\" \/>\n<meta name=\"twitter:label1\" content=\"Est. reading time\" \/>\n\t<meta name=\"twitter:data1\" content=\"1 minute\" \/>\n\t<meta name=\"twitter:label2\" content=\"Written by\" \/>\n\t<meta name=\"twitter:data2\" content=\"Eoin Mulvihill\" \/>\n<script type=\"application\/ld+json\" class=\"yoast-schema-graph\">{\"@context\":\"https:\/\/schema.org\",\"@graph\":[{\"@type\":\"WebPage\",\"@id\":\"https:\/\/www.scurri.com\/de\/veranstaltungen-danke\/\",\"url\":\"https:\/\/www.scurri.com\/de\/veranstaltungen-danke\/\",\"name\":\"Danke f\u00fcr Ihr Interesse\",\"isPartOf\":{\"@id\":\"https:\/\/www.scurri.com\/de\/#website\"},\"primaryImageOfPage\":{\"@id\":\"https:\/\/www.scurri.com\/de\/veranstaltungen-danke\/#primaryimage\"},\"image\":{\"@id\":\"https:\/\/www.scurri.com\/de\/veranstaltungen-danke\/#primaryimage\"},\"thumbnailUrl\":\"https:\/\/www.scurri.com\/de\/wp-content\/uploads\/sites\/2\/2024\/06\/Scurri_Validify_Retail_Retreat_01-2.jpg\",\"datePublished\":\"2024-06-24T14:33:09+00:00\",\"dateModified\":\"2025-09-04T11:22:40+00:00\",\"description\":\"Ein Mitglied unseres Teams wird sich in K\u00fcrze, sp\u00e4testens jedoch am n\u00e4chsten Werktag, mit Ihnen in Verbindung setzen.\",\"breadcrumb\":{\"@id\":\"https:\/\/www.scurri.com\/de\/veranstaltungen-danke\/#breadcrumb\"},\"inLanguage\":\"en-GB\",\"potentialAction\":[{\"@type\":\"ReadAction\",\"target\":[\"https:\/\/www.scurri.com\/de\/veranstaltungen-danke\/\"]}]},{\"@type\":\"ImageObject\",\"inLanguage\":\"en-GB\",\"@id\":\"https:\/\/www.scurri.com\/de\/veranstaltungen-danke\/#primaryimage\",\"url\":\"https:\/\/www.scurri.com\/de\/wp-content\/uploads\/sites\/2\/2024\/06\/Scurri_Validify_Retail_Retreat_01-2.jpg\",\"contentUrl\":\"https:\/\/www.scurri.com\/de\/wp-content\/uploads\/sites\/2\/2024\/06\/Scurri_Validify_Retail_Retreat_01-2.jpg\",\"width\":800,\"height\":510},{\"@type\":\"BreadcrumbList\",\"@id\":\"https:\/\/www.scurri.com\/de\/veranstaltungen-danke\/#breadcrumb\",\"itemListElement\":[{\"@type\":\"ListItem\",\"position\":1,\"name\":\"Home\",\"item\":\"https:\/\/www.scurri.com\/de\/\"},{\"@type\":\"ListItem\",\"position\":2,\"name\":\"Danke f\u00fcr Ihr Interesse\"}]},{\"@type\":\"WebSite\",\"@id\":\"https:\/\/www.scurri.com\/de\/#website\",\"url\":\"https:\/\/www.scurri.com\/de\/\",\"name\":\"Scurri\",\"description\":\"Liefermanagement &amp; Kommunikation nach dem Erwerb\",\"publisher\":{\"@id\":\"https:\/\/www.scurri.com\/de\/#organization\"},\"potentialAction\":[{\"@type\":\"SearchAction\",\"target\":{\"@type\":\"EntryPoint\",\"urlTemplate\":\"https:\/\/www.scurri.com\/de\/?s={search_term_string}\"},\"query-input\":{\"@type\":\"PropertyValueSpecification\",\"valueRequired\":true,\"valueName\":\"search_term_string\"}}],\"inLanguage\":\"en-GB\"},{\"@type\":\"Organization\",\"@id\":\"https:\/\/www.scurri.com\/de\/#organization\",\"name\":\"Scurri\",\"url\":\"https:\/\/www.scurri.com\/de\/\",\"logo\":{\"@type\":\"ImageObject\",\"inLanguage\":\"en-GB\",\"@id\":\"https:\/\/www.scurri.com\/de\/#\/schema\/logo\/image\/\",\"url\":\"https:\/\/www.scurri.com\/de\/wp-content\/uploads\/sites\/2\/2024\/10\/Group-3.svg\",\"contentUrl\":\"https:\/\/www.scurri.com\/de\/wp-content\/uploads\/sites\/2\/2024\/10\/Group-3.svg\",\"width\":139,\"height\":35,\"caption\":\"Scurri\"},\"image\":{\"@id\":\"https:\/\/www.scurri.com\/de\/#\/schema\/logo\/image\/\"}}]}<\/script>\n<!-- \/ Yoast SEO plugin. -->","yoast_head_json":{"title":"Danke f\u00fcr Ihr Interesse","description":"Ein Mitglied unseres Teams wird sich in K\u00fcrze, sp\u00e4testens jedoch am n\u00e4chsten Werktag, mit Ihnen in Verbindung setzen.","robots":{"index":"index","follow":"follow","max-snippet":"max-snippet:-1","max-image-preview":"max-image-preview:large","max-video-preview":"max-video-preview:-1"},"canonical":"https:\/\/www.scurri.com\/de\/veranstaltungen-danke\/","og_locale":"en_GB","og_type":"article","og_title":"Danke f\u00fcr Ihr Interesse","og_description":"Ein Mitglied unseres Teams wird sich in K\u00fcrze, sp\u00e4testens jedoch am n\u00e4chsten Werktag, mit Ihnen in Verbindung setzen.","og_url":"https:\/\/www.scurri.com\/de\/veranstaltungen-danke\/","og_site_name":"Scurri","article_modified_time":"2025-09-04T11:22:40+00:00","og_image":[{"width":800,"height":510,"url":"https:\/\/www.scurri.com\/de\/wp-content\/uploads\/sites\/2\/2024\/06\/Scurri_Validify_Retail_Retreat_01-2.jpg","type":"image\/jpeg"}],"twitter_card":"summary_large_image","twitter_misc":{"Est. reading time":"1 minute","Written by":"Eoin Mulvihill"},"schema":{"@context":"https:\/\/schema.org","@graph":[{"@type":"WebPage","@id":"https:\/\/www.scurri.com\/de\/veranstaltungen-danke\/","url":"https:\/\/www.scurri.com\/de\/veranstaltungen-danke\/","name":"Danke f\u00fcr Ihr Interesse","isPartOf":{"@id":"https:\/\/www.scurri.com\/de\/#website"},"primaryImageOfPage":{"@id":"https:\/\/www.scurri.com\/de\/veranstaltungen-danke\/#primaryimage"},"image":{"@id":"https:\/\/www.scurri.com\/de\/veranstaltungen-danke\/#primaryimage"},"thumbnailUrl":"https:\/\/www.scurri.com\/de\/wp-content\/uploads\/sites\/2\/2024\/06\/Scurri_Validify_Retail_Retreat_01-2.jpg","datePublished":"2024-06-24T14:33:09+00:00","dateModified":"2025-09-04T11:22:40+00:00","description":"Ein Mitglied unseres Teams wird sich in K\u00fcrze, sp\u00e4testens jedoch am n\u00e4chsten Werktag, mit Ihnen in Verbindung setzen.","breadcrumb":{"@id":"https:\/\/www.scurri.com\/de\/veranstaltungen-danke\/#breadcrumb"},"inLanguage":"en-GB","potentialAction":[{"@type":"ReadAction","target":["https:\/\/www.scurri.com\/de\/veranstaltungen-danke\/"]}]},{"@type":"ImageObject","inLanguage":"en-GB","@id":"https:\/\/www.scurri.com\/de\/veranstaltungen-danke\/#primaryimage","url":"https:\/\/www.scurri.com\/de\/wp-content\/uploads\/sites\/2\/2024\/06\/Scurri_Validify_Retail_Retreat_01-2.jpg","contentUrl":"https:\/\/www.scurri.com\/de\/wp-content\/uploads\/sites\/2\/2024\/06\/Scurri_Validify_Retail_Retreat_01-2.jpg","width":800,"height":510},{"@type":"BreadcrumbList","@id":"https:\/\/www.scurri.com\/de\/veranstaltungen-danke\/#breadcrumb","itemListElement":[{"@type":"ListItem","position":1,"name":"Home","item":"https:\/\/www.scurri.com\/de\/"},{"@type":"ListItem","position":2,"name":"Danke f\u00fcr Ihr Interesse"}]},{"@type":"WebSite","@id":"https:\/\/www.scurri.com\/de\/#website","url":"https:\/\/www.scurri.com\/de\/","name":"Scurri","description":"Liefermanagement &amp; Kommunikation nach dem Erwerb","publisher":{"@id":"https:\/\/www.scurri.com\/de\/#organization"},"potentialAction":[{"@type":"SearchAction","target":{"@type":"EntryPoint","urlTemplate":"https:\/\/www.scurri.com\/de\/?s={search_term_string}"},"query-input":{"@type":"PropertyValueSpecification","valueRequired":true,"valueName":"search_term_string"}}],"inLanguage":"en-GB"},{"@type":"Organization","@id":"https:\/\/www.scurri.com\/de\/#organization","name":"Scurri","url":"https:\/\/www.scurri.com\/de\/","logo":{"@type":"ImageObject","inLanguage":"en-GB","@id":"https:\/\/www.scurri.com\/de\/#\/schema\/logo\/image\/","url":"https:\/\/www.scurri.com\/de\/wp-content\/uploads\/sites\/2\/2024\/10\/Group-3.svg","contentUrl":"https:\/\/www.scurri.com\/de\/wp-content\/uploads\/sites\/2\/2024\/10\/Group-3.svg","width":139,"height":35,"caption":"Scurri"},"image":{"@id":"https:\/\/www.scurri.com\/de\/#\/schema\/logo\/image\/"}}]}},"_links":{"self":[{"href":"https:\/\/www.scurri.com\/de\/wp-json\/wp\/v2\/pages\/22999","targetHints":{"allow":["GET"]}}],"collection":[{"href":"https:\/\/www.scurri.com\/de\/wp-json\/wp\/v2\/pages"}],"about":[{"href":"https:\/\/www.scurri.com\/de\/wp-json\/wp\/v2\/types\/page"}],"author":[{"embeddable":true,"href":"https:\/\/www.scurri.com\/de\/wp-json\/wp\/v2\/users\/12"}],"replies":[{"embeddable":true,"href":"https:\/\/www.scurri.com\/de\/wp-json\/wp\/v2\/comments?post=22999"}],"version-history":[{"count":0,"href":"https:\/\/www.scurri.com\/de\/wp-json\/wp\/v2\/pages\/22999\/revisions"}],"wp:featuredmedia":[{"embeddable":true,"href":"https:\/\/www.scurri.com\/de\/wp-json\/wp\/v2\/media\/23000"}],"wp:attachment":[{"href":"https:\/\/www.scurri.com\/de\/wp-json\/wp\/v2\/media?parent=22999"}],"wp:term":[{"taxonomy":"author","embeddable":true,"href":"https:\/\/www.scurri.com\/de\/wp-json\/wp\/v2\/coauthors?post=22999"}],"curies":[{"name":"wp","href":"https:\/\/api.w.org\/{rel}","templated":true}]}}