{"id":22995,"date":"2024-06-24T14:33:08","date_gmt":"2024-06-24T14:33:08","guid":{"rendered":"https:\/\/www.scurri.com\/de\/scurri-track-book-a-consultation-g\/"},"modified":"2025-09-04T11:28:17","modified_gmt":"2025-09-04T11:28:17","slug":"beratung-buchen-scurri-track","status":"publish","type":"page","link":"https:\/\/www.scurri.com\/de\/beratung-buchen-scurri-track\/","title":{"rendered":"Buchen Sie eine Beratung f\u00fcr Scurri Track Plus"},"content":{"rendered":"\t\t<div data-elementor-type=\"wp-page\" data-elementor-id=\"22995\" class=\"elementor elementor-22995\" data-elementor-post-type=\"page\">\n\t\t\t\t\t\t<section class=\"elementor-section elementor-top-section elementor-element elementor-element-4f5e6e68 elementor-section-boxed elementor-section-height-default elementor-section-height-default\" data-id=\"4f5e6e68\" data-element_type=\"section\" data-e-type=\"section\">\n\t\t\t\t\t\t<div class=\"elementor-container elementor-column-gap-no\">\n\t\t\t\t\t<div class=\"elementor-column elementor-col-100 elementor-top-column elementor-element elementor-element-6e2b4b65\" data-id=\"6e2b4b65\" data-element_type=\"column\" data-e-type=\"column\">\n\t\t\t<div class=\"elementor-widget-wrap elementor-element-populated\">\n\t\t\t\t\t\t<section class=\"elementor-section elementor-inner-section elementor-element elementor-element-2af8a53d elementor-section-boxed elementor-section-height-default elementor-section-height-default\" data-id=\"2af8a53d\" data-element_type=\"section\" data-e-type=\"section\">\n\t\t\t\t\t\t<div class=\"elementor-container elementor-column-gap-no\">\n\t\t\t\t\t<div class=\"elementor-column elementor-col-100 elementor-inner-column elementor-element elementor-element-67a7d8ef\" data-id=\"67a7d8ef\" data-element_type=\"column\" data-e-type=\"column\">\n\t\t\t<div class=\"elementor-widget-wrap elementor-element-populated\">\n\t\t\t\t\t\t<div class=\"elementor-element elementor-element-688f5b00 elementor-widget elementor-widget-text-editor\" data-id=\"688f5b00\" data-element_type=\"widget\" data-e-type=\"widget\" data-widget_type=\"text-editor.default\">\n\t\t\t\t<div class=\"elementor-widget-container\">\n\t\t\t\t\t\t\t\t\t<p>Buchen Sie eine Beratung<\/p>\t\t\t\t\t\t\t\t<\/div>\n\t\t\t\t<\/div>\n\t\t\t\t<div class=\"elementor-element elementor-element-525993bb elementor-widget elementor-widget-text-editor\" data-id=\"525993bb\" data-element_type=\"widget\" data-e-type=\"widget\" data-widget_type=\"text-editor.default\">\n\t\t\t\t<div class=\"elementor-widget-container\">\n\t\t\t\t\t\t\t\t\t<p><strong>Sprechen Sie mit einem Mitarbeiter unseres test Teams \u00fcber L\u00f6sungen f\u00fcr die Nachkaufphase<\/strong><\/p>\t\t\t\t\t\t\t\t<\/div>\n\t\t\t\t<\/div>\n\t\t\t\t\t<\/div>\n\t\t<\/div>\n\t\t\t\t\t<\/div>\n\t\t<\/section>\n\t\t\t\t\t<\/div>\n\t\t<\/div>\n\t\t\t\t\t<\/div>\n\t\t<\/section>\n\t\t\t\t<section class=\"elementor-section elementor-top-section elementor-element elementor-element-c069353 elementor-section-boxed elementor-section-height-default elementor-section-height-default\" data-id=\"c069353\" data-element_type=\"section\" data-e-type=\"section\">\n\t\t\t\t\t\t<div class=\"elementor-container elementor-column-gap-default\">\n\t\t\t\t\t<div class=\"elementor-column elementor-col-100 elementor-top-column elementor-element elementor-element-a77de6c\" data-id=\"a77de6c\" data-element_type=\"column\" data-e-type=\"column\">\n\t\t\t<div class=\"elementor-widget-wrap elementor-element-populated\">\n\t\t\t\t\t\t<section class=\"elementor-section elementor-inner-section elementor-element elementor-element-29527ab elementor-section-content-middle elementor-section-boxed elementor-section-height-default elementor-section-height-default\" data-id=\"29527ab\" data-element_type=\"section\" data-e-type=\"section\">\n\t\t\t\t\t\t<div class=\"elementor-container elementor-column-gap-no\">\n\t\t\t\t\t<div class=\"elementor-column elementor-col-33 elementor-inner-column elementor-element elementor-element-85b7d46\" data-id=\"85b7d46\" data-element_type=\"column\" data-e-type=\"column\">\n\t\t\t<div class=\"elementor-widget-wrap\">\n\t\t\t\t\t\t\t<\/div>\n\t\t<\/div>\n\t\t\t\t<div class=\"elementor-column elementor-col-33 elementor-inner-column elementor-element elementor-element-4da435c\" data-id=\"4da435c\" data-element_type=\"column\" data-e-type=\"column\">\n\t\t\t<div class=\"elementor-widget-wrap elementor-element-populated\">\n\t\t\t\t\t\t<div class=\"elementor-element elementor-element-3e0665e elementor-widget elementor-widget-html\" data-id=\"3e0665e\" data-element_type=\"widget\" data-e-type=\"widget\" data-widget_type=\"html.default\">\n\t\t\t\t<div class=\"elementor-widget-container\">\n\t\t\t\t\t<iframe src=\"https:\/\/www2.scurri.co.uk\/l\/385842\/2024-04-24\/262bl9s\" width=\"100%\" height=\"500\" type=\"text\/html\" frameborder=\"0\" allowTransparency=\"true\" style=\"border: 0\"><\/iframe>\t\t\t\t<\/div>\n\t\t\t\t<\/div>\n\t\t\t\t\t<\/div>\n\t\t<\/div>\n\t\t\t\t<div class=\"elementor-column elementor-col-33 elementor-inner-column elementor-element elementor-element-58d9b45\" data-id=\"58d9b45\" data-element_type=\"column\" data-e-type=\"column\">\n\t\t\t<div class=\"elementor-widget-wrap\">\n\t\t\t\t\t\t\t<\/div>\n\t\t<\/div>\n\t\t\t\t\t<\/div>\n\t\t<\/section>\n\t\t\t\t\t<\/div>\n\t\t<\/div>\n\t\t\t\t\t<\/div>\n\t\t<\/section>\n\t\t\t\t<\/div>\n\t\t","protected":false},"excerpt":{"rendered":"<p>Buchen Sie eine Beratung Sprechen Sie mit einem Mitarbeiter unseres test Teams \u00fcber L\u00f6sungen f\u00fcr die Nachkaufphase<\/p>\n","protected":false},"author":12,"featured_media":22996,"parent":0,"menu_order":0,"comment_status":"closed","ping_status":"closed","template":"","meta":{"_acf_changed":false,"content-type":"","om_disable_all_campaigns":false,"footnotes":"","_links_to":"","_links_to_target":""},"coauthors":[],"class_list":["post-22995","page","type-page","status-publish","has-post-thumbnail","hentry"],"acf":[],"yoast_head":"<!-- This site is optimized with the Yoast SEO plugin v27.2 - https:\/\/yoast.com\/product\/yoast-seo-wordpress\/ -->\n<title>Buchen Sie eine Beratung f\u00fcr Scurri Track Plus - Scurri<\/title>\n<meta name=\"description\" content=\"Buchen Sie eine Beratung f\u00fcr Scurri Track Plus und ein Mitglied unseres Teams wird sich mit Ihnen in Verbindung setzen.\" \/>\n<meta name=\"robots\" content=\"index, follow, max-snippet:-1, max-image-preview:large, max-video-preview:-1\" \/>\n<link rel=\"canonical\" href=\"https:\/\/www.scurri.com\/de\/beratung-buchen-scurri-track\/\" \/>\n<meta property=\"og:locale\" content=\"en_GB\" \/>\n<meta property=\"og:type\" content=\"article\" \/>\n<meta property=\"og:title\" content=\"Buchen Sie eine Beratung f\u00fcr Scurri Track Plus - Scurri\" \/>\n<meta property=\"og:description\" content=\"Buchen Sie eine Beratung f\u00fcr Scurri Track Plus und ein Mitglied unseres Teams wird sich mit Ihnen in Verbindung setzen.\" \/>\n<meta property=\"og:url\" content=\"https:\/\/www.scurri.com\/de\/beratung-buchen-scurri-track\/\" \/>\n<meta property=\"og:site_name\" content=\"Scurri\" \/>\n<meta property=\"article:modified_time\" content=\"2025-09-04T11:28:17+00:00\" \/>\n<meta property=\"og:image\" content=\"https:\/\/www.scurri.com\/de\/wp-content\/uploads\/sites\/2\/2024\/06\/Logistics_1-7.jpg\" \/>\n\t<meta property=\"og:image:width\" content=\"555\" \/>\n\t<meta property=\"og:image:height\" content=\"470\" \/>\n\t<meta property=\"og:image:type\" content=\"image\/jpeg\" \/>\n<meta name=\"twitter:card\" content=\"summary_large_image\" \/>\n<meta name=\"twitter:label1\" content=\"Est. reading time\" \/>\n\t<meta name=\"twitter:data1\" content=\"1 minute\" \/>\n\t<meta name=\"twitter:label2\" content=\"Written by\" \/>\n\t<meta name=\"twitter:data2\" content=\"Eoin Mulvihill\" \/>\n<script type=\"application\/ld+json\" class=\"yoast-schema-graph\">{\"@context\":\"https:\/\/schema.org\",\"@graph\":[{\"@type\":\"WebPage\",\"@id\":\"https:\/\/www.scurri.com\/de\/beratung-buchen-scurri-track\/\",\"url\":\"https:\/\/www.scurri.com\/de\/beratung-buchen-scurri-track\/\",\"name\":\"Buchen Sie eine Beratung f\u00fcr Scurri Track Plus - Scurri\",\"isPartOf\":{\"@id\":\"https:\/\/www.scurri.com\/de\/#website\"},\"primaryImageOfPage\":{\"@id\":\"https:\/\/www.scurri.com\/de\/beratung-buchen-scurri-track\/#primaryimage\"},\"image\":{\"@id\":\"https:\/\/www.scurri.com\/de\/beratung-buchen-scurri-track\/#primaryimage\"},\"thumbnailUrl\":\"https:\/\/www.scurri.com\/de\/wp-content\/uploads\/sites\/2\/2024\/06\/Logistics_1-7.jpg\",\"datePublished\":\"2024-06-24T14:33:08+00:00\",\"dateModified\":\"2025-09-04T11:28:17+00:00\",\"description\":\"Buchen Sie eine Beratung f\u00fcr Scurri Track Plus und ein Mitglied unseres Teams wird sich mit Ihnen in Verbindung setzen.\",\"breadcrumb\":{\"@id\":\"https:\/\/www.scurri.com\/de\/beratung-buchen-scurri-track\/#breadcrumb\"},\"inLanguage\":\"en-GB\",\"potentialAction\":[{\"@type\":\"ReadAction\",\"target\":[\"https:\/\/www.scurri.com\/de\/beratung-buchen-scurri-track\/\"]}]},{\"@type\":\"ImageObject\",\"inLanguage\":\"en-GB\",\"@id\":\"https:\/\/www.scurri.com\/de\/beratung-buchen-scurri-track\/#primaryimage\",\"url\":\"https:\/\/www.scurri.com\/de\/wp-content\/uploads\/sites\/2\/2024\/06\/Logistics_1-7.jpg\",\"contentUrl\":\"https:\/\/www.scurri.com\/de\/wp-content\/uploads\/sites\/2\/2024\/06\/Logistics_1-7.jpg\",\"width\":555,\"height\":470},{\"@type\":\"BreadcrumbList\",\"@id\":\"https:\/\/www.scurri.com\/de\/beratung-buchen-scurri-track\/#breadcrumb\",\"itemListElement\":[{\"@type\":\"ListItem\",\"position\":1,\"name\":\"Home\",\"item\":\"https:\/\/www.scurri.com\/de\/\"},{\"@type\":\"ListItem\",\"position\":2,\"name\":\"Buchen Sie eine Beratung f\u00fcr Scurri Track Plus\"}]},{\"@type\":\"WebSite\",\"@id\":\"https:\/\/www.scurri.com\/de\/#website\",\"url\":\"https:\/\/www.scurri.com\/de\/\",\"name\":\"Scurri\",\"description\":\"Liefermanagement &amp; Kommunikation nach dem Erwerb\",\"publisher\":{\"@id\":\"https:\/\/www.scurri.com\/de\/#organization\"},\"potentialAction\":[{\"@type\":\"SearchAction\",\"target\":{\"@type\":\"EntryPoint\",\"urlTemplate\":\"https:\/\/www.scurri.com\/de\/?s={search_term_string}\"},\"query-input\":{\"@type\":\"PropertyValueSpecification\",\"valueRequired\":true,\"valueName\":\"search_term_string\"}}],\"inLanguage\":\"en-GB\"},{\"@type\":\"Organization\",\"@id\":\"https:\/\/www.scurri.com\/de\/#organization\",\"name\":\"Scurri\",\"url\":\"https:\/\/www.scurri.com\/de\/\",\"logo\":{\"@type\":\"ImageObject\",\"inLanguage\":\"en-GB\",\"@id\":\"https:\/\/www.scurri.com\/de\/#\/schema\/logo\/image\/\",\"url\":\"https:\/\/www.scurri.com\/de\/wp-content\/uploads\/sites\/2\/2024\/10\/Group-3.svg\",\"contentUrl\":\"https:\/\/www.scurri.com\/de\/wp-content\/uploads\/sites\/2\/2024\/10\/Group-3.svg\",\"width\":139,\"height\":35,\"caption\":\"Scurri\"},\"image\":{\"@id\":\"https:\/\/www.scurri.com\/de\/#\/schema\/logo\/image\/\"}}]}<\/script>\n<!-- \/ Yoast SEO plugin. -->","yoast_head_json":{"title":"Buchen Sie eine Beratung f\u00fcr Scurri Track Plus - Scurri","description":"Buchen Sie eine Beratung f\u00fcr Scurri Track Plus und ein Mitglied unseres Teams wird sich mit Ihnen in Verbindung setzen.","robots":{"index":"index","follow":"follow","max-snippet":"max-snippet:-1","max-image-preview":"max-image-preview:large","max-video-preview":"max-video-preview:-1"},"canonical":"https:\/\/www.scurri.com\/de\/beratung-buchen-scurri-track\/","og_locale":"en_GB","og_type":"article","og_title":"Buchen Sie eine Beratung f\u00fcr Scurri Track Plus - Scurri","og_description":"Buchen Sie eine Beratung f\u00fcr Scurri Track Plus und ein Mitglied unseres Teams wird sich mit Ihnen in Verbindung setzen.","og_url":"https:\/\/www.scurri.com\/de\/beratung-buchen-scurri-track\/","og_site_name":"Scurri","article_modified_time":"2025-09-04T11:28:17+00:00","og_image":[{"width":555,"height":470,"url":"https:\/\/www.scurri.com\/de\/wp-content\/uploads\/sites\/2\/2024\/06\/Logistics_1-7.jpg","type":"image\/jpeg"}],"twitter_card":"summary_large_image","twitter_misc":{"Est. reading time":"1 minute","Written by":"Eoin Mulvihill"},"schema":{"@context":"https:\/\/schema.org","@graph":[{"@type":"WebPage","@id":"https:\/\/www.scurri.com\/de\/beratung-buchen-scurri-track\/","url":"https:\/\/www.scurri.com\/de\/beratung-buchen-scurri-track\/","name":"Buchen Sie eine Beratung f\u00fcr Scurri Track Plus - Scurri","isPartOf":{"@id":"https:\/\/www.scurri.com\/de\/#website"},"primaryImageOfPage":{"@id":"https:\/\/www.scurri.com\/de\/beratung-buchen-scurri-track\/#primaryimage"},"image":{"@id":"https:\/\/www.scurri.com\/de\/beratung-buchen-scurri-track\/#primaryimage"},"thumbnailUrl":"https:\/\/www.scurri.com\/de\/wp-content\/uploads\/sites\/2\/2024\/06\/Logistics_1-7.jpg","datePublished":"2024-06-24T14:33:08+00:00","dateModified":"2025-09-04T11:28:17+00:00","description":"Buchen Sie eine Beratung f\u00fcr Scurri Track Plus und ein Mitglied unseres Teams wird sich mit Ihnen in Verbindung setzen.","breadcrumb":{"@id":"https:\/\/www.scurri.com\/de\/beratung-buchen-scurri-track\/#breadcrumb"},"inLanguage":"en-GB","potentialAction":[{"@type":"ReadAction","target":["https:\/\/www.scurri.com\/de\/beratung-buchen-scurri-track\/"]}]},{"@type":"ImageObject","inLanguage":"en-GB","@id":"https:\/\/www.scurri.com\/de\/beratung-buchen-scurri-track\/#primaryimage","url":"https:\/\/www.scurri.com\/de\/wp-content\/uploads\/sites\/2\/2024\/06\/Logistics_1-7.jpg","contentUrl":"https:\/\/www.scurri.com\/de\/wp-content\/uploads\/sites\/2\/2024\/06\/Logistics_1-7.jpg","width":555,"height":470},{"@type":"BreadcrumbList","@id":"https:\/\/www.scurri.com\/de\/beratung-buchen-scurri-track\/#breadcrumb","itemListElement":[{"@type":"ListItem","position":1,"name":"Home","item":"https:\/\/www.scurri.com\/de\/"},{"@type":"ListItem","position":2,"name":"Buchen Sie eine Beratung f\u00fcr Scurri Track Plus"}]},{"@type":"WebSite","@id":"https:\/\/www.scurri.com\/de\/#website","url":"https:\/\/www.scurri.com\/de\/","name":"Scurri","description":"Liefermanagement &amp; Kommunikation nach dem Erwerb","publisher":{"@id":"https:\/\/www.scurri.com\/de\/#organization"},"potentialAction":[{"@type":"SearchAction","target":{"@type":"EntryPoint","urlTemplate":"https:\/\/www.scurri.com\/de\/?s={search_term_string}"},"query-input":{"@type":"PropertyValueSpecification","valueRequired":true,"valueName":"search_term_string"}}],"inLanguage":"en-GB"},{"@type":"Organization","@id":"https:\/\/www.scurri.com\/de\/#organization","name":"Scurri","url":"https:\/\/www.scurri.com\/de\/","logo":{"@type":"ImageObject","inLanguage":"en-GB","@id":"https:\/\/www.scurri.com\/de\/#\/schema\/logo\/image\/","url":"https:\/\/www.scurri.com\/de\/wp-content\/uploads\/sites\/2\/2024\/10\/Group-3.svg","contentUrl":"https:\/\/www.scurri.com\/de\/wp-content\/uploads\/sites\/2\/2024\/10\/Group-3.svg","width":139,"height":35,"caption":"Scurri"},"image":{"@id":"https:\/\/www.scurri.com\/de\/#\/schema\/logo\/image\/"}}]}},"_links":{"self":[{"href":"https:\/\/www.scurri.com\/de\/wp-json\/wp\/v2\/pages\/22995","targetHints":{"allow":["GET"]}}],"collection":[{"href":"https:\/\/www.scurri.com\/de\/wp-json\/wp\/v2\/pages"}],"about":[{"href":"https:\/\/www.scurri.com\/de\/wp-json\/wp\/v2\/types\/page"}],"author":[{"embeddable":true,"href":"https:\/\/www.scurri.com\/de\/wp-json\/wp\/v2\/users\/12"}],"replies":[{"embeddable":true,"href":"https:\/\/www.scurri.com\/de\/wp-json\/wp\/v2\/comments?post=22995"}],"version-history":[{"count":0,"href":"https:\/\/www.scurri.com\/de\/wp-json\/wp\/v2\/pages\/22995\/revisions"}],"wp:featuredmedia":[{"embeddable":true,"href":"https:\/\/www.scurri.com\/de\/wp-json\/wp\/v2\/media\/22996"}],"wp:attachment":[{"href":"https:\/\/www.scurri.com\/de\/wp-json\/wp\/v2\/media?parent=22995"}],"wp:term":[{"taxonomy":"author","embeddable":true,"href":"https:\/\/www.scurri.com\/de\/wp-json\/wp\/v2\/coauthors?post=22995"}],"curies":[{"name":"wp","href":"https:\/\/api.w.org\/{rel}","templated":true}]}}