{"id":22993,"date":"2024-06-24T14:33:08","date_gmt":"2024-06-24T14:33:08","guid":{"rendered":"https:\/\/www.scurri.com\/de\/thank-you-for-booking-a-consultation\/"},"modified":"2025-09-04T11:32:11","modified_gmt":"2025-09-04T11:32:11","slug":"scurri-track-danke","status":"publish","type":"page","link":"https:\/\/www.scurri.com\/de\/scurri-track-danke\/","title":{"rendered":"Vielen Dank f\u00fcr die Buchung eines Beratungsgespr\u00e4chs mit unserem Team"},"content":{"rendered":"\t\t<div data-elementor-type=\"wp-page\" data-elementor-id=\"22993\" class=\"elementor elementor-22993\" data-elementor-post-type=\"page\">\n\t\t\t\t\t\t<section class=\"elementor-section elementor-top-section elementor-element elementor-element-7c7a8a0d elementor-section-boxed elementor-section-height-default elementor-section-height-default\" data-id=\"7c7a8a0d\" data-element_type=\"section\" data-e-type=\"section\">\n\t\t\t\t\t\t<div class=\"elementor-container elementor-column-gap-no\">\n\t\t\t\t\t<div class=\"elementor-column elementor-col-100 elementor-top-column elementor-element elementor-element-1d8afea\" data-id=\"1d8afea\" data-element_type=\"column\" data-e-type=\"column\">\n\t\t\t<div class=\"elementor-widget-wrap elementor-element-populated\">\n\t\t\t\t\t\t<section class=\"elementor-section elementor-inner-section elementor-element elementor-element-4f297246 elementor-section-boxed elementor-section-height-default elementor-section-height-default\" data-id=\"4f297246\" data-element_type=\"section\" data-e-type=\"section\">\n\t\t\t\t\t\t<div class=\"elementor-container elementor-column-gap-no\">\n\t\t\t\t\t<div class=\"elementor-column elementor-col-100 elementor-inner-column elementor-element elementor-element-4ec0d0b8\" data-id=\"4ec0d0b8\" data-element_type=\"column\" data-e-type=\"column\">\n\t\t\t<div class=\"elementor-widget-wrap elementor-element-populated\">\n\t\t\t\t\t\t<div class=\"elementor-element elementor-element-7e9d45c3 elementor-widget elementor-widget-text-editor\" data-id=\"7e9d45c3\" data-element_type=\"widget\" data-e-type=\"widget\" data-widget_type=\"text-editor.default\">\n\t\t\t\t<div class=\"elementor-widget-container\">\n\t\t\t\t\t\t\t\t\t<h1 class=\"elementor-heading-title elementor-size-default\">Danke<\/h1>\t\t\t\t\t\t\t\t<\/div>\n\t\t\t\t<\/div>\n\t\t\t\t<div class=\"elementor-element elementor-element-447479bf elementor-widget elementor-widget-heading\" data-id=\"447479bf\" data-element_type=\"widget\" data-e-type=\"widget\" data-widget_type=\"heading.default\">\n\t\t\t\t<div class=\"elementor-widget-container\">\n\t\t\t\t\t<h2 class=\"elementor-heading-title elementor-size-default\">Vielen Dank f\u00fcr die Buchung einer Beratung.<br><br>Ein Mitglied unseres Teams wird sich in K\u00fcrze mit Ihnen in Verbindung setzen.<br><br>\nWarum erfahren Sie in der Zwischenzeit nicht mehr \u00fcber unsere speditionen?\n<\/h2>\t\t\t\t<\/div>\n\t\t\t\t<\/div>\n\t\t\t\t<div class=\"elementor-element elementor-element-4f9f3f16 elementor-align-center elementor-widget elementor-widget-button\" data-id=\"4f9f3f16\" data-element_type=\"widget\" data-e-type=\"widget\" data-widget_type=\"button.default\">\n\t\t\t\t<div class=\"elementor-widget-container\">\n\t\t\t\t\t\t\t\t\t<div class=\"elementor-button-wrapper\">\n\t\t\t\t\t<a class=\"elementor-button elementor-button-link elementor-size-sm\" href=\"\/de\/speditionen\">\n\t\t\t\t\t\t<span class=\"elementor-button-content-wrapper\">\n\t\t\t\t\t\t\t\t\t<span class=\"elementor-button-text\">LEARN MORE<\/span>\n\t\t\t\t\t<\/span>\n\t\t\t\t\t<\/a>\n\t\t\t\t<\/div>\n\t\t\t\t\t\t\t\t<\/div>\n\t\t\t\t<\/div>\n\t\t\t\t\t<\/div>\n\t\t<\/div>\n\t\t\t\t\t<\/div>\n\t\t<\/section>\n\t\t\t\t\t<\/div>\n\t\t<\/div>\n\t\t\t\t\t<\/div>\n\t\t<\/section>\n\t\t\t\t<\/div>\n\t\t","protected":false},"excerpt":{"rendered":"<p>Danke Vielen Dank f\u00fcr die Buchung einer Beratung. Ein Mitglied unseres Teams wird sich in K\u00fcrze mit Ihnen in Verbindung setzen. Warum erfahren Sie in der Zwischenzeit nicht mehr \u00fcber unsere speditionen? LEARN MORE<\/p>\n","protected":false},"author":12,"featured_media":0,"parent":0,"menu_order":0,"comment_status":"closed","ping_status":"closed","template":"","meta":{"_acf_changed":false,"content-type":"","om_disable_all_campaigns":false,"footnotes":"","_links_to":"","_links_to_target":""},"coauthors":[],"class_list":["post-22993","page","type-page","status-publish","hentry"],"acf":[],"yoast_head":"<!-- This site is optimized with the Yoast SEO plugin v27.2 - https:\/\/yoast.com\/product\/yoast-seo-wordpress\/ -->\n<title>Vielen Dank f\u00fcr Ihre Anfrage<\/title>\n<meta name=\"description\" content=\"Ein Mitglied unseres Teams wird sich in K\u00fcrze mit Ihnen in Verbindung setzen.\" \/>\n<meta name=\"robots\" content=\"index, follow, max-snippet:-1, max-image-preview:large, max-video-preview:-1\" \/>\n<link rel=\"canonical\" href=\"https:\/\/www.scurri.com\/de\/scurri-track-danke\/\" \/>\n<meta property=\"og:locale\" content=\"en_GB\" \/>\n<meta property=\"og:type\" content=\"article\" \/>\n<meta property=\"og:title\" content=\"Vielen Dank f\u00fcr Ihre Anfrage\" \/>\n<meta property=\"og:description\" content=\"Ein Mitglied unseres Teams wird sich in K\u00fcrze mit Ihnen in Verbindung setzen.\" \/>\n<meta property=\"og:url\" content=\"https:\/\/www.scurri.com\/de\/scurri-track-danke\/\" \/>\n<meta property=\"og:site_name\" content=\"Scurri\" \/>\n<meta property=\"article:modified_time\" content=\"2025-09-04T11:32:11+00:00\" \/>\n<meta name=\"twitter:card\" content=\"summary_large_image\" \/>\n<meta name=\"twitter:label1\" content=\"Est. reading time\" \/>\n\t<meta name=\"twitter:data1\" content=\"1 minute\" \/>\n\t<meta name=\"twitter:label2\" content=\"Written by\" \/>\n\t<meta name=\"twitter:data2\" content=\"Eoin Mulvihill\" \/>\n<script type=\"application\/ld+json\" class=\"yoast-schema-graph\">{\"@context\":\"https:\/\/schema.org\",\"@graph\":[{\"@type\":\"WebPage\",\"@id\":\"https:\/\/www.scurri.com\/de\/scurri-track-danke\/\",\"url\":\"https:\/\/www.scurri.com\/de\/scurri-track-danke\/\",\"name\":\"Vielen Dank f\u00fcr Ihre Anfrage\",\"isPartOf\":{\"@id\":\"https:\/\/www.scurri.com\/de\/#website\"},\"datePublished\":\"2024-06-24T14:33:08+00:00\",\"dateModified\":\"2025-09-04T11:32:11+00:00\",\"description\":\"Ein Mitglied unseres Teams wird sich in K\u00fcrze mit Ihnen in Verbindung setzen.\",\"breadcrumb\":{\"@id\":\"https:\/\/www.scurri.com\/de\/scurri-track-danke\/#breadcrumb\"},\"inLanguage\":\"en-GB\",\"potentialAction\":[{\"@type\":\"ReadAction\",\"target\":[\"https:\/\/www.scurri.com\/de\/scurri-track-danke\/\"]}]},{\"@type\":\"BreadcrumbList\",\"@id\":\"https:\/\/www.scurri.com\/de\/scurri-track-danke\/#breadcrumb\",\"itemListElement\":[{\"@type\":\"ListItem\",\"position\":1,\"name\":\"Home\",\"item\":\"https:\/\/www.scurri.com\/de\/\"},{\"@type\":\"ListItem\",\"position\":2,\"name\":\"Vielen Dank f\u00fcr die Buchung eines Beratungsgespr\u00e4chs mit unserem Team\"}]},{\"@type\":\"WebSite\",\"@id\":\"https:\/\/www.scurri.com\/de\/#website\",\"url\":\"https:\/\/www.scurri.com\/de\/\",\"name\":\"Scurri\",\"description\":\"Liefermanagement &amp; Kommunikation nach dem Erwerb\",\"publisher\":{\"@id\":\"https:\/\/www.scurri.com\/de\/#organization\"},\"potentialAction\":[{\"@type\":\"SearchAction\",\"target\":{\"@type\":\"EntryPoint\",\"urlTemplate\":\"https:\/\/www.scurri.com\/de\/?s={search_term_string}\"},\"query-input\":{\"@type\":\"PropertyValueSpecification\",\"valueRequired\":true,\"valueName\":\"search_term_string\"}}],\"inLanguage\":\"en-GB\"},{\"@type\":\"Organization\",\"@id\":\"https:\/\/www.scurri.com\/de\/#organization\",\"name\":\"Scurri\",\"url\":\"https:\/\/www.scurri.com\/de\/\",\"logo\":{\"@type\":\"ImageObject\",\"inLanguage\":\"en-GB\",\"@id\":\"https:\/\/www.scurri.com\/de\/#\/schema\/logo\/image\/\",\"url\":\"https:\/\/www.scurri.com\/de\/wp-content\/uploads\/sites\/2\/2024\/10\/Group-3.svg\",\"contentUrl\":\"https:\/\/www.scurri.com\/de\/wp-content\/uploads\/sites\/2\/2024\/10\/Group-3.svg\",\"width\":139,\"height\":35,\"caption\":\"Scurri\"},\"image\":{\"@id\":\"https:\/\/www.scurri.com\/de\/#\/schema\/logo\/image\/\"}}]}<\/script>\n<!-- \/ Yoast SEO plugin. -->","yoast_head_json":{"title":"Vielen Dank f\u00fcr Ihre Anfrage","description":"Ein Mitglied unseres Teams wird sich in K\u00fcrze mit Ihnen in Verbindung setzen.","robots":{"index":"index","follow":"follow","max-snippet":"max-snippet:-1","max-image-preview":"max-image-preview:large","max-video-preview":"max-video-preview:-1"},"canonical":"https:\/\/www.scurri.com\/de\/scurri-track-danke\/","og_locale":"en_GB","og_type":"article","og_title":"Vielen Dank f\u00fcr Ihre Anfrage","og_description":"Ein Mitglied unseres Teams wird sich in K\u00fcrze mit Ihnen in Verbindung setzen.","og_url":"https:\/\/www.scurri.com\/de\/scurri-track-danke\/","og_site_name":"Scurri","article_modified_time":"2025-09-04T11:32:11+00:00","twitter_card":"summary_large_image","twitter_misc":{"Est. reading time":"1 minute","Written by":"Eoin Mulvihill"},"schema":{"@context":"https:\/\/schema.org","@graph":[{"@type":"WebPage","@id":"https:\/\/www.scurri.com\/de\/scurri-track-danke\/","url":"https:\/\/www.scurri.com\/de\/scurri-track-danke\/","name":"Vielen Dank f\u00fcr Ihre Anfrage","isPartOf":{"@id":"https:\/\/www.scurri.com\/de\/#website"},"datePublished":"2024-06-24T14:33:08+00:00","dateModified":"2025-09-04T11:32:11+00:00","description":"Ein Mitglied unseres Teams wird sich in K\u00fcrze mit Ihnen in Verbindung setzen.","breadcrumb":{"@id":"https:\/\/www.scurri.com\/de\/scurri-track-danke\/#breadcrumb"},"inLanguage":"en-GB","potentialAction":[{"@type":"ReadAction","target":["https:\/\/www.scurri.com\/de\/scurri-track-danke\/"]}]},{"@type":"BreadcrumbList","@id":"https:\/\/www.scurri.com\/de\/scurri-track-danke\/#breadcrumb","itemListElement":[{"@type":"ListItem","position":1,"name":"Home","item":"https:\/\/www.scurri.com\/de\/"},{"@type":"ListItem","position":2,"name":"Vielen Dank f\u00fcr die Buchung eines Beratungsgespr\u00e4chs mit unserem Team"}]},{"@type":"WebSite","@id":"https:\/\/www.scurri.com\/de\/#website","url":"https:\/\/www.scurri.com\/de\/","name":"Scurri","description":"Liefermanagement &amp; Kommunikation nach dem Erwerb","publisher":{"@id":"https:\/\/www.scurri.com\/de\/#organization"},"potentialAction":[{"@type":"SearchAction","target":{"@type":"EntryPoint","urlTemplate":"https:\/\/www.scurri.com\/de\/?s={search_term_string}"},"query-input":{"@type":"PropertyValueSpecification","valueRequired":true,"valueName":"search_term_string"}}],"inLanguage":"en-GB"},{"@type":"Organization","@id":"https:\/\/www.scurri.com\/de\/#organization","name":"Scurri","url":"https:\/\/www.scurri.com\/de\/","logo":{"@type":"ImageObject","inLanguage":"en-GB","@id":"https:\/\/www.scurri.com\/de\/#\/schema\/logo\/image\/","url":"https:\/\/www.scurri.com\/de\/wp-content\/uploads\/sites\/2\/2024\/10\/Group-3.svg","contentUrl":"https:\/\/www.scurri.com\/de\/wp-content\/uploads\/sites\/2\/2024\/10\/Group-3.svg","width":139,"height":35,"caption":"Scurri"},"image":{"@id":"https:\/\/www.scurri.com\/de\/#\/schema\/logo\/image\/"}}]}},"_links":{"self":[{"href":"https:\/\/www.scurri.com\/de\/wp-json\/wp\/v2\/pages\/22993","targetHints":{"allow":["GET"]}}],"collection":[{"href":"https:\/\/www.scurri.com\/de\/wp-json\/wp\/v2\/pages"}],"about":[{"href":"https:\/\/www.scurri.com\/de\/wp-json\/wp\/v2\/types\/page"}],"author":[{"embeddable":true,"href":"https:\/\/www.scurri.com\/de\/wp-json\/wp\/v2\/users\/12"}],"replies":[{"embeddable":true,"href":"https:\/\/www.scurri.com\/de\/wp-json\/wp\/v2\/comments?post=22993"}],"version-history":[{"count":0,"href":"https:\/\/www.scurri.com\/de\/wp-json\/wp\/v2\/pages\/22993\/revisions"}],"wp:attachment":[{"href":"https:\/\/www.scurri.com\/de\/wp-json\/wp\/v2\/media?parent=22993"}],"wp:term":[{"taxonomy":"author","embeddable":true,"href":"https:\/\/www.scurri.com\/de\/wp-json\/wp\/v2\/coauthors?post=22993"}],"curies":[{"name":"wp","href":"https:\/\/api.w.org\/{rel}","templated":true}]}}